{"id":7349,"date":"2024-10-29T12:17:01","date_gmt":"2024-10-29T12:17:01","guid":{"rendered":"https:\/\/knpbv.nl\/certificats\/"},"modified":"2026-03-24T10:00:25","modified_gmt":"2026-03-24T10:00:25","slug":"certificats","status":"publish","type":"page","link":"https:\/\/knoopbv.nl\/fr\/certificats\/","title":{"rendered":"Certificats"},"content":{"rendered":"\t\t<div data-elementor-type=\"wp-page\" data-elementor-id=\"7349\" class=\"elementor elementor-7349 elementor-152\" data-elementor-post-type=\"page\">\n\t\t\t\t<div class=\"elementor-element elementor-element-5582391 e-flex e-con-boxed e-con e-parent\" data-id=\"5582391\" data-element_type=\"container\" data-e-type=\"container\" data-settings=\"{&quot;background_background&quot;:&quot;classic&quot;}\">\n\t\t\t\t\t<div class=\"e-con-inner\">\n\t\t<div class=\"elementor-element elementor-element-2aa4d57 e-con-full e-flex e-con e-child\" data-id=\"2aa4d57\" data-element_type=\"container\" data-e-type=\"container\">\n\t\t\t\t<div class=\"elementor-element elementor-element-6aa69a2 elementor-widget elementor-widget-heading\" data-id=\"6aa69a2\" data-element_type=\"widget\" data-e-type=\"widget\" data-widget_type=\"heading.default\">\n\t\t\t\t<div class=\"elementor-widget-container\">\n\t\t\t\t\t<h1 class=\"elementor-heading-title elementor-size-default\">Certificats<\/h1>\t\t\t\t<\/div>\n\t\t\t\t<\/div>\n\t\t\t\t<\/div>\n\t\t\t\t\t<\/div>\n\t\t\t\t<\/div>\n\t\t<div class=\"elementor-element elementor-element-8c6996b e-flex e-con-boxed e-con e-parent\" data-id=\"8c6996b\" data-element_type=\"container\" data-e-type=\"container\">\n\t\t\t\t\t<div class=\"e-con-inner\">\n\t\t<div class=\"elementor-element elementor-element-ed69890 e-con-full e-flex e-con e-child\" data-id=\"ed69890\" data-element_type=\"container\" data-e-type=\"container\">\n\t\t<div class=\"elementor-element elementor-element-e1e7410 e-con-full e-flex e-con e-child\" data-id=\"e1e7410\" data-element_type=\"container\" data-e-type=\"container\" data-settings=\"{&quot;background_background&quot;:&quot;classic&quot;}\">\n\t\t\t\t<div class=\"elementor-element elementor-element-56720ab elementor-widget elementor-widget-heading\" data-id=\"56720ab\" data-element_type=\"widget\" data-e-type=\"widget\" data-widget_type=\"heading.default\">\n\t\t\t\t<div class=\"elementor-widget-container\">\n\t\t\t\t\t<h2 class=\"elementor-heading-title elementor-size-default\">Certificats en notre possession<\/h2>\t\t\t\t<\/div>\n\t\t\t\t<\/div>\n\t\t\t\t<div class=\"elementor-element elementor-element-d6b3f4a elementor-widget elementor-widget-text-editor\" data-id=\"d6b3f4a\" data-element_type=\"widget\" data-e-type=\"widget\" data-widget_type=\"text-editor.default\">\n\t\t\t\t<div class=\"elementor-widget-container\">\n\t\t\t\t\t\t\t\t\t<p><strong>Avec ces certificats, nous montrons que la s\u00e9curit\u00e9, la durabilit\u00e9 et l&rsquo;orientation vers l&rsquo;avenir sont au c\u0153ur de nos pr\u00e9occupations. <\/strong><\/p>\t\t\t\t\t\t\t\t<\/div>\n\t\t\t\t<\/div>\n\t\t\t\t<\/div>\n\t\t\t\t<div class=\"elementor-element elementor-element-73ad4c7 elementor-widget elementor-widget-heading\" data-id=\"73ad4c7\" data-element_type=\"widget\" data-e-type=\"widget\" data-widget_type=\"heading.default\">\n\t\t\t\t<div class=\"elementor-widget-container\">\n\t\t\t\t\t<h3 class=\"elementor-heading-title elementor-size-default\">VCA - Liste de contr\u00f4le pour les entrepreneurs en mati\u00e8re de s\u00e9curit\u00e9, de sant\u00e9 et d'environnement<\/h3>\t\t\t\t<\/div>\n\t\t\t\t<\/div>\n\t\t\t\t<div class=\"elementor-element elementor-element-2c65a13 elementor-widget elementor-widget-text-editor\" data-id=\"2c65a13\" data-element_type=\"widget\" data-e-type=\"widget\" data-widget_type=\"text-editor.default\">\n\t\t\t\t<div class=\"elementor-widget-container\">\n\t\t\t\t\t\t\t\t\t<p>Knoop B.V. est une <strong>organisation certifi\u00e9e VCA<\/strong>. Cela signifie que nous travaillons avec un syst\u00e8me de gestion HSE ( <em>S\u00e9curit\u00e9, Sant\u00e9 et Environnement<\/em>) qui respecte les r\u00e8gles de sant\u00e9 et de s\u00e9curit\u00e9. Ces r\u00e8gles tiennent compte de la s\u00e9curit\u00e9, de la sant\u00e9 et de l&rsquo;environnement. Parmi les diff\u00e9rents types de certification VCA pour les entreprises, Knoop BV porte le nom de <strong>VCA**<\/strong>, c&rsquo;est-\u00e0-dire qu&rsquo;il convient aux grandes organisations et \/ ou aux entrepreneurs principaux.   <\/p><p>Tout le monde qui travaille chez Knoop B.V. a obtenu au moins la certification <strong>B-VCA<\/strong>. Du monteur au chef de projet, nous pensons qu&rsquo;il est important que chacun soit conscient de tous les risques possibles dans ce secteur. Les cadres de notre organisation obtiennent le titre de <strong>VOL-VCA<\/strong>, afin de soutenir et d&rsquo;encourager les situations s\u00fbres. Nous visons ainsi l&rsquo;objectif de z\u00e9ro accident.   <\/p>\t\t\t\t\t\t\t\t<\/div>\n\t\t\t\t<\/div>\n\t\t\t\t<div class=\"elementor-element elementor-element-11b70e3 elementor-widget elementor-widget-heading\" data-id=\"11b70e3\" data-element_type=\"widget\" data-e-type=\"widget\" data-widget_type=\"heading.default\">\n\t\t\t\t<div class=\"elementor-widget-container\">\n\t\t\t\t\t<h3 class=\"elementor-heading-title elementor-size-default\">Certification ISO 9001<\/h3>\t\t\t\t<\/div>\n\t\t\t\t<\/div>\n\t\t\t\t<div class=\"elementor-element elementor-element-ad52010 elementor-widget elementor-widget-text-editor\" data-id=\"ad52010\" data-element_type=\"widget\" data-e-type=\"widget\" data-widget_type=\"text-editor.default\">\n\t\t\t\t<div class=\"elementor-widget-container\">\n\t\t\t\t\t\t\t\t\t<p>Nous sommes certifi\u00e9s ISO 9001. Il s&rsquo;agit de la norme internationale pour les syst\u00e8mes de gestion de la qualit\u00e9. Avec ce certificat ISO 9001, nous montrons que nos processus sont effectivement conformes aux normes internationales, mais aussi que nous attachons une grande importance \u00e0 l&rsquo;am\u00e9lioration continue en communiquant de mani\u00e8re <strong>transparente<\/strong> et <strong>fiable<\/strong> avec le march\u00e9.  <\/p>\t\t\t\t\t\t\t\t<\/div>\n\t\t\t\t<\/div>\n\t\t\t\t<div class=\"elementor-element elementor-element-ca2ca0e elementor-hidden-desktop elementor-hidden-tablet elementor-hidden-mobile elementor-widget elementor-widget-heading\" data-id=\"ca2ca0e\" data-element_type=\"widget\" data-e-type=\"widget\" data-widget_type=\"heading.default\">\n\t\t\t\t<div class=\"elementor-widget-container\">\n\t\t\t\t\t<h3 class=\"elementor-heading-title elementor-size-default\">\u00c9chelle de performance CO2<\/h3>\t\t\t\t<\/div>\n\t\t\t\t<\/div>\n\t\t\t\t<div class=\"elementor-element elementor-element-c93bc86 elementor-hidden-desktop elementor-hidden-tablet elementor-hidden-mobile elementor-widget elementor-widget-text-editor\" data-id=\"c93bc86\" data-element_type=\"widget\" data-e-type=\"widget\" data-widget_type=\"text-editor.default\">\n\t\t\t\t<div class=\"elementor-widget-container\">\n\t\t\t\t\t\t\t\t\t<p>Nous avons atteint <strong>le niveau 3<\/strong> de<span style=\"text-decoration: underline;\"><span style=\"color: #000000;\"><a style=\"color: #000000; text-decoration: underline;\" href=\"https:\/\/knoopbv.nl\/fr\/echelle-de-performance-co2\/\" target=\"_blank\" rel=\"noopener\"> l&rsquo;\u00e9chelle de performance CO2<\/a><\/span><\/span>. Cette \u00e9chelle est l&rsquo;un des instruments de d\u00e9veloppement durable les plus r\u00e9put\u00e9s aux Pays-Bas, qui aide les entreprises et les gouvernements \u00e0 r\u00e9duire les \u00e9missions de CO2. L&rsquo;\u00e9chelle de performance CO2 est utilis\u00e9e comme syst\u00e8me de gestion du CO2 et comme outil d&rsquo;appel d\u2019offre.  <\/p>\t\t\t\t\t\t\t\t<\/div>\n\t\t\t\t<\/div>\n\t\t\t\t<div class=\"elementor-element elementor-element-30b0bdd elementor-widget elementor-widget-heading\" data-id=\"30b0bdd\" data-element_type=\"widget\" data-e-type=\"widget\" data-widget_type=\"heading.default\">\n\t\t\t\t<div class=\"elementor-widget-container\">\n\t\t\t\t\t<h3 class=\"elementor-heading-title elementor-size-default\">Entreprise de formation reconnue<\/h3>\t\t\t\t<\/div>\n\t\t\t\t<\/div>\n\t\t\t\t<div class=\"elementor-element elementor-element-8e508ad elementor-widget elementor-widget-text-editor\" data-id=\"8e508ad\" data-element_type=\"widget\" data-e-type=\"widget\" data-widget_type=\"text-editor.default\">\n\t\t\t\t<div class=\"elementor-widget-container\">\n\t\t\t\t\t\t\t\t\t<p>Chez Knoop B.V., nous vous offrons la possibilit\u00e9 de suivre une formation en entreprise. En tant qu&rsquo;entreprise de formation agr\u00e9\u00e9e, vous pouvez acqu\u00e9rir <span style=\"text-decoration: underline;\"><span style=\"color: #000000;\"><a style=\"color: #000000;\" href=\"https:\/\/knoopbv.nl\/stage\/\" target=\"_blank\" rel=\"noopener\"><strong>une exp\u00e9rience professionnelle<\/strong><\/a><\/span><\/span> pendant vos \u00e9tudes. Nous mettons tout en \u0153uvre pour vous guider au mieux dans votre prochaine \u00e9tape.   Et si le courant passe bien entre nous, nous serons ravis de vous proposer un poste. <\/p>\t\t\t\t\t\t\t\t<\/div>\n\t\t\t\t<\/div>\n\t\t\t\t<div class=\"elementor-element elementor-element-177d5fa elementor-widget elementor-widget-heading\" data-id=\"177d5fa\" data-element_type=\"widget\" data-e-type=\"widget\" data-widget_type=\"heading.default\">\n\t\t\t\t<div class=\"elementor-widget-container\">\n\t\t\t\t\t<h3 class=\"elementor-heading-title elementor-size-default\">Toujours \u00e0 jour<\/h3>\t\t\t\t<\/div>\n\t\t\t\t<\/div>\n\t\t\t\t<div class=\"elementor-element elementor-element-9e43bf1 elementor-widget elementor-widget-text-editor\" data-id=\"9e43bf1\" data-element_type=\"widget\" data-e-type=\"widget\" data-widget_type=\"text-editor.default\">\n\t\t\t\t<div class=\"elementor-widget-container\">\n\t\t\t\t\t\t\t\t\t<p>Nous veillons scrupuleusement \u00e0 ce que nos certificats soient toujours \u00e0 jour. C&rsquo;est pourquoi nous attachons une grande importance aux points d&rsquo;am\u00e9lioration que nous recevons lors des audits des certificats.  Hier gaan wij direct mee aan de slag om een veilige, duurzame en toekomstgerichte omgeving te behouden voor ons personeel. <\/p>\t\t\t\t\t\t\t\t<\/div>\n\t\t\t\t<\/div>\n\t\t\t\t<\/div>\n\t\t<div class=\"elementor-element elementor-element-b8a9f78 e-con-full e-flex e-con e-child\" data-id=\"b8a9f78\" data-element_type=\"container\" data-e-type=\"container\">\n\t\t\t\t<div class=\"elementor-element elementor-element-eb494cf elementor-widget elementor-widget-spacer\" data-id=\"eb494cf\" data-element_type=\"widget\" data-e-type=\"widget\" data-widget_type=\"spacer.default\">\n\t\t\t\t<div class=\"elementor-widget-container\">\n\t\t\t\t\t\t\t<div class=\"elementor-spacer\">\n\t\t\t<div class=\"elementor-spacer-inner\"><\/div>\n\t\t<\/div>\n\t\t\t\t\t\t<\/div>\n\t\t\t\t<\/div>\n\t\t\t\t<div class=\"elementor-element elementor-element-c42adfa elementor-widget elementor-widget-image\" data-id=\"c42adfa\" data-element_type=\"widget\" data-e-type=\"widget\" erkend=\"SBB\" data-widget_type=\"image.default\">\n\t\t\t\t<div class=\"elementor-widget-container\">\n\t\t\t\t\t\t\t\t\t\t\t\t\t\t\t\t<a href=\"https:\/\/www.s-bb.nl\/bedrijven\/voorwaarden-erkenning\/\" target=\"_blank\">\n\t\t\t\t\t\t\t<img decoding=\"async\" width=\"150\" height=\"150\" src=\"https:\/\/knoopbv.nl\/wp-content\/uploads\/2025\/03\/sbb-beeldmerk-150x150.png\" class=\"attachment-thumbnail size-thumbnail wp-image-6108\" alt=\"SBB Beeldmerk - Erkend Leerbedrijf certificaat\" srcset=\"https:\/\/knoopbv.nl\/wp-content\/uploads\/2025\/03\/sbb-beeldmerk-150x150.png 150w, https:\/\/knoopbv.nl\/wp-content\/uploads\/2025\/03\/sbb-beeldmerk-300x300.png 300w, https:\/\/knoopbv.nl\/wp-content\/uploads\/2025\/03\/sbb-beeldmerk.png 600w\" sizes=\"(max-width: 150px) 100vw, 150px\" \/>\t\t\t\t\t\t\t\t<\/a>\n\t\t\t\t\t\t\t\t\t\t\t\t\t\t\t<\/div>\n\t\t\t\t<\/div>\n\t\t\t\t<\/div>\n\t\t\t\t\t<\/div>\n\t\t\t\t<\/div>\n\t\t\t\t<\/div>\n\t\t","protected":false},"excerpt":{"rendered":"<p>Certificats Certificats en notre possession Avec ces certificats, nous montrons que la s\u00e9curit\u00e9, la durabilit\u00e9 et l&rsquo;orientation vers l&rsquo;avenir sont au c\u0153ur de nos pr\u00e9occupations. VCA &#8211; Liste de contr\u00f4le pour les entrepreneurs en mati\u00e8re de s\u00e9curit\u00e9, de sant\u00e9 et d&rsquo;environnement Knoop B.V. est une organisation certifi\u00e9e VCA. Cela signifie que nous travaillons avec un [&hellip;]<\/p>\n","protected":false},"author":1,"featured_media":0,"parent":0,"menu_order":0,"comment_status":"closed","ping_status":"closed","template":"elementor_header_footer","meta":{"footnotes":""},"class_list":["post-7349","page","type-page","status-publish","hentry"],"yoast_head":"<!-- This site is optimized with the Yoast SEO Premium plugin v25.4 (Yoast SEO v25.4) - https:\/\/yoast.com\/wordpress\/plugins\/seo\/ -->\n<title>Certificats pour la s\u00e9curit\u00e9 et la durabilit\u00e9 | Knoop BV<\/title>\n<meta name=\"description\" content=\"Knoop B.V. garantit la s\u00e9curit\u00e9 avec des certificats VCA. Notre accent est mis sur des conditions de travail durables et s\u00fbres.\" \/>\n<meta name=\"robots\" content=\"index, follow, max-snippet:-1, max-image-preview:large, max-video-preview:-1\" \/>\n<link rel=\"canonical\" href=\"https:\/\/knoopbv.nl\/fr\/certificats\/\" \/>\n<meta property=\"og:locale\" content=\"fr_FR\" \/>\n<meta property=\"og:type\" content=\"article\" \/>\n<meta property=\"og:title\" content=\"Certificats\" \/>\n<meta property=\"og:description\" content=\"Knoop B.V. garantit la s\u00e9curit\u00e9 avec des certificats VCA. Notre accent est mis sur des conditions de travail durables et s\u00fbres.\" \/>\n<meta property=\"og:url\" content=\"https:\/\/knoopbv.nl\/fr\/certificats\/\" \/>\n<meta property=\"og:site_name\" content=\"KnoopBV\" \/>\n<meta property=\"article:publisher\" content=\"https:\/\/www.facebook.com\/knoopBV\" \/>\n<meta property=\"article:modified_time\" content=\"2026-03-24T10:00:25+00:00\" \/>\n<meta property=\"og:image\" content=\"https:\/\/knoopbv.nl\/wp-content\/uploads\/2025\/03\/sbb-beeldmerk.png\" \/>\n\t<meta property=\"og:image:width\" content=\"600\" \/>\n\t<meta property=\"og:image:height\" content=\"600\" \/>\n\t<meta property=\"og:image:type\" content=\"image\/png\" \/>\n<meta name=\"twitter:card\" content=\"summary_large_image\" \/>\n<meta name=\"twitter:label1\" content=\"Dur\u00e9e de lecture estim\u00e9e\" \/>\n\t<meta name=\"twitter:data1\" content=\"2 minutes\" \/>\n<script type=\"application\/ld+json\" class=\"yoast-schema-graph\">{\"@context\":\"https:\/\/schema.org\",\"@graph\":[{\"@type\":\"WebPage\",\"@id\":\"https:\/\/knoopbv.nl\/fr\/certificats\/\",\"url\":\"https:\/\/knoopbv.nl\/fr\/certificats\/\",\"name\":\"Certificats pour la s\u00e9curit\u00e9 et la durabilit\u00e9 | Knoop BV\",\"isPartOf\":{\"@id\":\"https:\/\/knoopbv.nl\/fr\/#website\"},\"primaryImageOfPage\":{\"@id\":\"https:\/\/knoopbv.nl\/fr\/certificats\/#primaryimage\"},\"image\":{\"@id\":\"https:\/\/knoopbv.nl\/fr\/certificats\/#primaryimage\"},\"thumbnailUrl\":\"https:\/\/knoopbv.nl\/wp-content\/uploads\/2025\/03\/sbb-beeldmerk-150x150.png\",\"datePublished\":\"2024-10-29T12:17:01+00:00\",\"dateModified\":\"2026-03-24T10:00:25+00:00\",\"description\":\"Knoop B.V. garantit la s\u00e9curit\u00e9 avec des certificats VCA. Notre accent est mis sur des conditions de travail durables et s\u00fbres.\",\"breadcrumb\":{\"@id\":\"https:\/\/knoopbv.nl\/fr\/certificats\/#breadcrumb\"},\"inLanguage\":\"fr-FR\",\"potentialAction\":[{\"@type\":\"ReadAction\",\"target\":[\"https:\/\/knoopbv.nl\/fr\/certificats\/\"]}]},{\"@type\":\"ImageObject\",\"inLanguage\":\"fr-FR\",\"@id\":\"https:\/\/knoopbv.nl\/fr\/certificats\/#primaryimage\",\"url\":\"https:\/\/knoopbv.nl\/wp-content\/uploads\/2025\/03\/sbb-beeldmerk-150x150.png\",\"contentUrl\":\"https:\/\/knoopbv.nl\/wp-content\/uploads\/2025\/03\/sbb-beeldmerk-150x150.png\"},{\"@type\":\"BreadcrumbList\",\"@id\":\"https:\/\/knoopbv.nl\/fr\/certificats\/#breadcrumb\",\"itemListElement\":[{\"@type\":\"ListItem\",\"position\":1,\"name\":\"Home\",\"item\":\"https:\/\/knoopbv.nl\/fr\/\"},{\"@type\":\"ListItem\",\"position\":2,\"name\":\"Certificats\"}]},{\"@type\":\"WebSite\",\"@id\":\"https:\/\/knoopbv.nl\/fr\/#website\",\"url\":\"https:\/\/knoopbv.nl\/fr\/\",\"name\":\"Knoop BV\",\"description\":\"Ingenious for you\",\"publisher\":{\"@id\":\"https:\/\/knoopbv.nl\/fr\/#organization\"},\"potentialAction\":[{\"@type\":\"SearchAction\",\"target\":{\"@type\":\"EntryPoint\",\"urlTemplate\":\"https:\/\/knoopbv.nl\/fr\/?s={search_term_string}\"},\"query-input\":{\"@type\":\"PropertyValueSpecification\",\"valueRequired\":true,\"valueName\":\"search_term_string\"}}],\"inLanguage\":\"fr-FR\"},{\"@type\":\"Organization\",\"@id\":\"https:\/\/knoopbv.nl\/fr\/#organization\",\"name\":\"Knoop BV\",\"url\":\"https:\/\/knoopbv.nl\/fr\/\",\"logo\":{\"@type\":\"ImageObject\",\"inLanguage\":\"fr-FR\",\"@id\":\"https:\/\/knoopbv.nl\/fr\/#\/schema\/logo\/image\/\",\"url\":\"https:\/\/knoopbv.nl\/wp-content\/uploads\/2025\/06\/cropped-knoop-logo-zonder-achtergrond.png\",\"contentUrl\":\"https:\/\/knoopbv.nl\/wp-content\/uploads\/2025\/06\/cropped-knoop-logo-zonder-achtergrond.png\",\"width\":512,\"height\":512,\"caption\":\"Knoop BV\"},\"image\":{\"@id\":\"https:\/\/knoopbv.nl\/fr\/#\/schema\/logo\/image\/\"},\"sameAs\":[\"https:\/\/www.facebook.com\/knoopBV\",\"https:\/\/www.linkedin.com\/company\/knoop-baggerwerken-bv\/\",\"https:\/\/www.youtube.com\/@knoopbv5280\"]}]}<\/script>\n<!-- \/ Yoast SEO Premium plugin. -->","yoast_head_json":{"title":"Certificats pour la s\u00e9curit\u00e9 et la durabilit\u00e9 | Knoop BV","description":"Knoop B.V. garantit la s\u00e9curit\u00e9 avec des certificats VCA. Notre accent est mis sur des conditions de travail durables et s\u00fbres.","robots":{"index":"index","follow":"follow","max-snippet":"max-snippet:-1","max-image-preview":"max-image-preview:large","max-video-preview":"max-video-preview:-1"},"canonical":"https:\/\/knoopbv.nl\/fr\/certificats\/","og_locale":"fr_FR","og_type":"article","og_title":"Certificats","og_description":"Knoop B.V. garantit la s\u00e9curit\u00e9 avec des certificats VCA. Notre accent est mis sur des conditions de travail durables et s\u00fbres.","og_url":"https:\/\/knoopbv.nl\/fr\/certificats\/","og_site_name":"KnoopBV","article_publisher":"https:\/\/www.facebook.com\/knoopBV","article_modified_time":"2026-03-24T10:00:25+00:00","og_image":[{"width":600,"height":600,"url":"https:\/\/knoopbv.nl\/wp-content\/uploads\/2025\/03\/sbb-beeldmerk.png","type":"image\/png"}],"twitter_card":"summary_large_image","twitter_misc":{"Dur\u00e9e de lecture estim\u00e9e":"2 minutes"},"schema":{"@context":"https:\/\/schema.org","@graph":[{"@type":"WebPage","@id":"https:\/\/knoopbv.nl\/fr\/certificats\/","url":"https:\/\/knoopbv.nl\/fr\/certificats\/","name":"Certificats pour la s\u00e9curit\u00e9 et la durabilit\u00e9 | Knoop BV","isPartOf":{"@id":"https:\/\/knoopbv.nl\/fr\/#website"},"primaryImageOfPage":{"@id":"https:\/\/knoopbv.nl\/fr\/certificats\/#primaryimage"},"image":{"@id":"https:\/\/knoopbv.nl\/fr\/certificats\/#primaryimage"},"thumbnailUrl":"https:\/\/knoopbv.nl\/wp-content\/uploads\/2025\/03\/sbb-beeldmerk-150x150.png","datePublished":"2024-10-29T12:17:01+00:00","dateModified":"2026-03-24T10:00:25+00:00","description":"Knoop B.V. garantit la s\u00e9curit\u00e9 avec des certificats VCA. Notre accent est mis sur des conditions de travail durables et s\u00fbres.","breadcrumb":{"@id":"https:\/\/knoopbv.nl\/fr\/certificats\/#breadcrumb"},"inLanguage":"fr-FR","potentialAction":[{"@type":"ReadAction","target":["https:\/\/knoopbv.nl\/fr\/certificats\/"]}]},{"@type":"ImageObject","inLanguage":"fr-FR","@id":"https:\/\/knoopbv.nl\/fr\/certificats\/#primaryimage","url":"https:\/\/knoopbv.nl\/wp-content\/uploads\/2025\/03\/sbb-beeldmerk-150x150.png","contentUrl":"https:\/\/knoopbv.nl\/wp-content\/uploads\/2025\/03\/sbb-beeldmerk-150x150.png"},{"@type":"BreadcrumbList","@id":"https:\/\/knoopbv.nl\/fr\/certificats\/#breadcrumb","itemListElement":[{"@type":"ListItem","position":1,"name":"Home","item":"https:\/\/knoopbv.nl\/fr\/"},{"@type":"ListItem","position":2,"name":"Certificats"}]},{"@type":"WebSite","@id":"https:\/\/knoopbv.nl\/fr\/#website","url":"https:\/\/knoopbv.nl\/fr\/","name":"Knoop BV","description":"Ingenious for you","publisher":{"@id":"https:\/\/knoopbv.nl\/fr\/#organization"},"potentialAction":[{"@type":"SearchAction","target":{"@type":"EntryPoint","urlTemplate":"https:\/\/knoopbv.nl\/fr\/?s={search_term_string}"},"query-input":{"@type":"PropertyValueSpecification","valueRequired":true,"valueName":"search_term_string"}}],"inLanguage":"fr-FR"},{"@type":"Organization","@id":"https:\/\/knoopbv.nl\/fr\/#organization","name":"Knoop BV","url":"https:\/\/knoopbv.nl\/fr\/","logo":{"@type":"ImageObject","inLanguage":"fr-FR","@id":"https:\/\/knoopbv.nl\/fr\/#\/schema\/logo\/image\/","url":"https:\/\/knoopbv.nl\/wp-content\/uploads\/2025\/06\/cropped-knoop-logo-zonder-achtergrond.png","contentUrl":"https:\/\/knoopbv.nl\/wp-content\/uploads\/2025\/06\/cropped-knoop-logo-zonder-achtergrond.png","width":512,"height":512,"caption":"Knoop BV"},"image":{"@id":"https:\/\/knoopbv.nl\/fr\/#\/schema\/logo\/image\/"},"sameAs":["https:\/\/www.facebook.com\/knoopBV","https:\/\/www.linkedin.com\/company\/knoop-baggerwerken-bv\/","https:\/\/www.youtube.com\/@knoopbv5280"]}]}},"_links":{"self":[{"href":"https:\/\/knoopbv.nl\/fr\/wp-json\/wp\/v2\/pages\/7349","targetHints":{"allow":["GET"]}}],"collection":[{"href":"https:\/\/knoopbv.nl\/fr\/wp-json\/wp\/v2\/pages"}],"about":[{"href":"https:\/\/knoopbv.nl\/fr\/wp-json\/wp\/v2\/types\/page"}],"author":[{"embeddable":true,"href":"https:\/\/knoopbv.nl\/fr\/wp-json\/wp\/v2\/users\/1"}],"replies":[{"embeddable":true,"href":"https:\/\/knoopbv.nl\/fr\/wp-json\/wp\/v2\/comments?post=7349"}],"version-history":[{"count":4,"href":"https:\/\/knoopbv.nl\/fr\/wp-json\/wp\/v2\/pages\/7349\/revisions"}],"predecessor-version":[{"id":11544,"href":"https:\/\/knoopbv.nl\/fr\/wp-json\/wp\/v2\/pages\/7349\/revisions\/11544"}],"wp:attachment":[{"href":"https:\/\/knoopbv.nl\/fr\/wp-json\/wp\/v2\/media?parent=7349"}],"curies":[{"name":"wp","href":"https:\/\/api.w.org\/{rel}","templated":true}]}}