{"id":7334,"date":"2024-10-29T12:14:37","date_gmt":"2024-10-29T12:14:37","guid":{"rendered":"https:\/\/knpbv.nl\/echelle-de-performance-co2\/"},"modified":"2026-02-17T11:19:19","modified_gmt":"2026-02-17T11:19:19","slug":"echelle-de-performance-co2","status":"publish","type":"page","link":"https:\/\/knoopbv.nl\/fr\/echelle-de-performance-co2\/","title":{"rendered":"\u00c9chelle de performance CO2"},"content":{"rendered":"\t\t<div data-elementor-type=\"wp-page\" data-elementor-id=\"7334\" class=\"elementor elementor-7334 elementor-146\" data-elementor-post-type=\"page\">\n\t\t\t\t<div class=\"elementor-element elementor-element-48729ad e-flex e-con-boxed e-con e-parent\" data-id=\"48729ad\" data-element_type=\"container\" data-e-type=\"container\" data-settings=\"{&quot;background_background&quot;:&quot;classic&quot;}\">\n\t\t\t\t\t<div class=\"e-con-inner\">\n\t\t<div class=\"elementor-element elementor-element-e8827be e-con-full e-flex e-con e-child\" data-id=\"e8827be\" data-element_type=\"container\" data-e-type=\"container\">\n\t\t\t\t<div class=\"elementor-element elementor-element-cd13ccd elementor-widget elementor-widget-heading\" data-id=\"cd13ccd\" data-element_type=\"widget\" data-e-type=\"widget\" data-widget_type=\"heading.default\">\n\t\t\t\t<div class=\"elementor-widget-container\">\n\t\t\t\t\t<h2 class=\"elementor-heading-title elementor-size-default\">\u00c9chelle de performance CO2<\/h2>\t\t\t\t<\/div>\n\t\t\t\t<\/div>\n\t\t\t\t<\/div>\n\t\t\t\t\t<\/div>\n\t\t\t\t<\/div>\n\t\t<div class=\"elementor-element elementor-element-6d2386d e-flex e-con-boxed e-con e-parent\" data-id=\"6d2386d\" data-element_type=\"container\" data-e-type=\"container\">\n\t\t\t\t\t<div class=\"e-con-inner\">\n\t\t<div class=\"elementor-element elementor-element-9e2f41b e-con-full e-flex e-con e-child\" data-id=\"9e2f41b\" data-element_type=\"container\" data-e-type=\"container\">\n\t\t<div class=\"elementor-element elementor-element-be6d003 e-con-full e-flex e-con e-child\" data-id=\"be6d003\" data-element_type=\"container\" data-e-type=\"container\" data-settings=\"{&quot;background_background&quot;:&quot;classic&quot;}\">\n\t\t\t\t<div class=\"elementor-element elementor-element-43085d8 elementor-widget elementor-widget-heading\" data-id=\"43085d8\" data-element_type=\"widget\" data-e-type=\"widget\" data-widget_type=\"heading.default\">\n\t\t\t\t<div class=\"elementor-widget-container\">\n\t\t\t\t\t<h1 class=\"elementor-heading-title elementor-size-default\">L'\u00e9chelle de performance CO2<\/h1>\t\t\t\t<\/div>\n\t\t\t\t<\/div>\n\t\t\t\t<\/div>\n\t\t\t\t<div class=\"elementor-element elementor-element-3c1ff75 elementor-widget elementor-widget-text-editor\" data-id=\"3c1ff75\" data-element_type=\"widget\" data-e-type=\"widget\" data-widget_type=\"text-editor.default\">\n\t\t\t\t<div class=\"elementor-widget-container\">\n\t\t\t\t\t\t\t\t\t<p style=\"font-weight: 400;\">Nous sommes d\u00e9j\u00e0 fiers de cette performance, mais nous sommes \u00e9galement conscients qu&rsquo;il reste encore beaucoup \u00e0 faire. Nous cherchons activement \u00e0 obtenir une belle place sur l&rsquo;\u00e9chelle de performance CO2. A savoir le <strong>Niveau 3<\/strong>. Mais il va de soi que notre objectif est de grimper encore plus haut sur l&rsquo;\u00e9chelle de performance CO2.   <\/p>\t\t\t\t\t\t\t\t<\/div>\n\t\t\t\t<\/div>\n\t\t\t\t<div class=\"elementor-element elementor-element-3f31401 elementor-widget elementor-widget-heading\" data-id=\"3f31401\" data-element_type=\"widget\" data-e-type=\"widget\" data-widget_type=\"heading.default\">\n\t\t\t\t<div class=\"elementor-widget-container\">\n\t\t\t\t\t<h2 class=\"elementor-heading-title elementor-size-default\">En quoi consiste l'\u00e9chelle de performance CO2 ?<\/h2>\t\t\t\t<\/div>\n\t\t\t\t<\/div>\n\t\t\t\t<div class=\"elementor-element elementor-element-191dc4b elementor-widget elementor-widget-text-editor\" data-id=\"191dc4b\" data-element_type=\"widget\" data-e-type=\"widget\" data-widget_type=\"text-editor.default\">\n\t\t\t\t<div class=\"elementor-widget-container\">\n\t\t\t\t\t\t\t\t\t<p>L&rsquo;\u00e9chelle de performance CO2 est un instrument de durabilit\u00e9 des Pays-Bas qui aide les entreprises \u00e0 r\u00e9duire les \u00e9missions de CO2, entre autres. Cette \u00e9chelle est divis\u00e9e en 5 niveaux. Jusqu&rsquo;au niveau 3, l&rsquo;organisation s&rsquo;occupe des \u00e9missions provenant de ses propres activit\u00e9s et projets. Les niveaux 4 et 5 garantissent que des travaux sont \u00e9galement r\u00e9alis\u00e9s sur les \u00e9missions de carbone <strong>dans l&rsquo;ensemble de la cha\u00eene et du secteur<\/strong>.   <\/p><p>En fonction des exigences suivantes, l&rsquo;organisation peut \u00eatre class\u00e9e au niveau appropri\u00e9 :<\/p><ul><li><strong>Vision.<\/strong><ul><li>La d\u00e9termination des flux d&rsquo;\u00e9nergie et de l&#8217;empreinte carbone ;<\/li><\/ul><\/li><li><strong>R\u00e9duction.<\/strong><ul><li>Le d\u00e9veloppement d&rsquo;objectifs ambitieux de r\u00e9duction des \u00e9missions de CO2 ;<\/li><\/ul><\/li><li><strong>Transparance. <\/strong><ul><li>Communication structurelle sur la politique en mati\u00e8re de CO2 ;<\/li><\/ul><\/li><li><strong>Participation.<\/strong><ul><li>Participation aux initiatives de l&rsquo;industrie en mati\u00e8re de r\u00e9duction des \u00e9missions de CO2.<\/li><\/ul><\/li><\/ul>\t\t\t\t\t\t\t\t<\/div>\n\t\t\t\t<\/div>\n\t\t<div class=\"elementor-element elementor-element-1106108 e-con-full elementor-hidden-desktop elementor-hidden-tablet elementor-hidden-mobile e-flex e-con e-child\" data-id=\"1106108\" data-element_type=\"container\" data-e-type=\"container\">\n\t\t\t\t<div class=\"elementor-element elementor-element-9bcb948 elementor-widget elementor-widget-heading\" data-id=\"9bcb948\" data-element_type=\"widget\" data-e-type=\"widget\" data-widget_type=\"heading.default\">\n\t\t\t\t<div class=\"elementor-widget-container\">\n\t\t\t\t\t<h2 class=\"elementor-heading-title elementor-size-default\">Notre objectif principal<\/h2>\t\t\t\t<\/div>\n\t\t\t\t<\/div>\n\t\t\t\t<div class=\"elementor-element elementor-element-e34c361 elementor-widget elementor-widget-text-editor\" data-id=\"e34c361\" data-element_type=\"widget\" data-e-type=\"widget\" data-widget_type=\"text-editor.default\">\n\t\t\t\t<div class=\"elementor-widget-container\">\n\t\t\t\t\t\t\t\t\t<p style=\"text-align: center;\"><strong><em>D&rsquo;ici 2025, nous voulons r\u00e9duire nos \u00e9missions de CO2 de 12 % par rapport \u00e0 2022.<\/em><\/strong><\/p><p>\u00c0 cette fin, nous avons \u00e9labor\u00e9 un plan d&rsquo;action que nous respecterons dans la mesure du possible pour atteindre cet objectif. Par exemple, nous installerons encore plus de panneaux solaires sur notre toit, nous ach\u00e8terons des voitures de soci\u00e9t\u00e9 \u00e9lectriques et nous veillerons \u00e0 ce que nos \u00e9quipements soient \u00e9galement plus durables. Nous vous expliquons <span style=\"text-decoration: underline;\"><span style=\"color: #000000;\"><a style=\"color: #000000; text-decoration: underline;\" href=\"https:\/\/knoopbv.nl\/fr\/travailler-dans-le-respect-de-lenvironnement-et-de-la-securite\/\">ici<\/a><\/span><\/span> \u00e0 quoi cela ressemble exactement.   <\/p><p>D\u00e9sireux de faire un jour de notre <span style=\"text-decoration: underline;\"><span style=\"color: #000000; text-decoration: underline;\"><a style=\"color: #000000; text-decoration: underline;\" href=\"https:\/\/knoopbv.nl\/fr\/mission-vision\/\" target=\"_blank\" rel=\"noopener\">vision<\/a><\/span><\/span> une r\u00e9alit\u00e9. Et cela commence par un plan et sa mise en \u0153uvre. Ce faisant, nous encourageons nos employ\u00e9s et d&rsquo;autres personnes \u00e0 contribuer \u00e0 la r\u00e9alisation de notre vision.   <\/p><p>Nous saurons si nous avons atteint notre objectif principal lors de notre prochain audit. Nous partagerons alors volontiers la nouvelle et nous ajusterons \u00e0 nouveau notre objectif. Le prochain objectif sera ambitieux, mais certainement r\u00e9alisable.   <\/p>\t\t\t\t\t\t\t\t<\/div>\n\t\t\t\t<\/div>\n\t\t\t\t<\/div>\n\t\t\t\t<\/div>\n\t\t\t\t\t<\/div>\n\t\t\t\t<\/div>\n\t\t\t\t<\/div>\n\t\t","protected":false},"excerpt":{"rendered":"<p>\u00c9chelle de performance CO2 L&rsquo;\u00e9chelle de performance CO2 Nous sommes d\u00e9j\u00e0 fiers de cette performance, mais nous sommes \u00e9galement conscients qu&rsquo;il reste encore beaucoup \u00e0 faire. Nous cherchons activement \u00e0 obtenir une belle place sur l&rsquo;\u00e9chelle de performance CO2. A savoir le Niveau 3. Mais il va de soi que notre objectif est de grimper [&hellip;]<\/p>\n","protected":false},"author":1,"featured_media":0,"parent":0,"menu_order":0,"comment_status":"closed","ping_status":"closed","template":"elementor_header_footer","meta":{"footnotes":""},"class_list":["post-7334","page","type-page","status-publish","hentry"],"yoast_head":"<!-- This site is optimized with the Yoast SEO Premium plugin v25.4 (Yoast SEO v25.4) - https:\/\/yoast.com\/wordpress\/plugins\/seo\/ -->\n<title>\u00c9chelle de performance du CO2 : \u00c9tape vers la durabilit\u00e9 | Knoop BV<\/title>\n<meta name=\"description\" content=\"Durabilit\u00e9 avec l\u2019\u00e9chelle CO2 : d\u00e9couvrez notre progression vers le niveau 3, l\u2019impact sur toute la cha\u00eene et notre engagement pour un avenir plus durable.\" \/>\n<meta name=\"robots\" content=\"index, follow, max-snippet:-1, max-image-preview:large, max-video-preview:-1\" \/>\n<link rel=\"canonical\" href=\"https:\/\/knoopbv.nl\/fr\/echelle-de-performance-co2\/\" \/>\n<meta property=\"og:locale\" content=\"fr_FR\" \/>\n<meta property=\"og:type\" content=\"article\" \/>\n<meta property=\"og:title\" content=\"\u00c9chelle de performance CO2\" \/>\n<meta property=\"og:description\" content=\"Durabilit\u00e9 avec l\u2019\u00e9chelle CO2 : d\u00e9couvrez notre progression vers le niveau 3, l\u2019impact sur toute la cha\u00eene et notre engagement pour un avenir plus durable.\" \/>\n<meta property=\"og:url\" content=\"https:\/\/knoopbv.nl\/fr\/echelle-de-performance-co2\/\" \/>\n<meta property=\"og:site_name\" content=\"KnoopBV\" \/>\n<meta property=\"article:publisher\" content=\"https:\/\/www.facebook.com\/knoopBV\" \/>\n<meta property=\"article:modified_time\" content=\"2026-02-17T11:19:19+00:00\" \/>\n<meta name=\"twitter:card\" content=\"summary_large_image\" \/>\n<meta name=\"twitter:label1\" content=\"Dur\u00e9e de lecture estim\u00e9e\" \/>\n\t<meta name=\"twitter:data1\" content=\"2 minutes\" \/>\n<script type=\"application\/ld+json\" class=\"yoast-schema-graph\">{\"@context\":\"https:\/\/schema.org\",\"@graph\":[{\"@type\":\"WebPage\",\"@id\":\"https:\/\/knoopbv.nl\/fr\/echelle-de-performance-co2\/\",\"url\":\"https:\/\/knoopbv.nl\/fr\/echelle-de-performance-co2\/\",\"name\":\"\u00c9chelle de performance du CO2 : \u00c9tape vers la durabilit\u00e9 | Knoop BV\",\"isPartOf\":{\"@id\":\"https:\/\/knoopbv.nl\/fr\/#website\"},\"datePublished\":\"2024-10-29T12:14:37+00:00\",\"dateModified\":\"2026-02-17T11:19:19+00:00\",\"description\":\"Durabilit\u00e9 avec l\u2019\u00e9chelle CO2 : d\u00e9couvrez notre progression vers le niveau 3, l\u2019impact sur toute la cha\u00eene et notre engagement pour un avenir plus durable.\",\"breadcrumb\":{\"@id\":\"https:\/\/knoopbv.nl\/fr\/echelle-de-performance-co2\/#breadcrumb\"},\"inLanguage\":\"fr-FR\",\"potentialAction\":[{\"@type\":\"ReadAction\",\"target\":[\"https:\/\/knoopbv.nl\/fr\/echelle-de-performance-co2\/\"]}]},{\"@type\":\"BreadcrumbList\",\"@id\":\"https:\/\/knoopbv.nl\/fr\/echelle-de-performance-co2\/#breadcrumb\",\"itemListElement\":[{\"@type\":\"ListItem\",\"position\":1,\"name\":\"Home\",\"item\":\"https:\/\/knoopbv.nl\/fr\/\"},{\"@type\":\"ListItem\",\"position\":2,\"name\":\"\u00c9chelle de performance CO2\"}]},{\"@type\":\"WebSite\",\"@id\":\"https:\/\/knoopbv.nl\/fr\/#website\",\"url\":\"https:\/\/knoopbv.nl\/fr\/\",\"name\":\"Knoop BV\",\"description\":\"Ingenious for you\",\"publisher\":{\"@id\":\"https:\/\/knoopbv.nl\/fr\/#organization\"},\"potentialAction\":[{\"@type\":\"SearchAction\",\"target\":{\"@type\":\"EntryPoint\",\"urlTemplate\":\"https:\/\/knoopbv.nl\/fr\/?s={search_term_string}\"},\"query-input\":{\"@type\":\"PropertyValueSpecification\",\"valueRequired\":true,\"valueName\":\"search_term_string\"}}],\"inLanguage\":\"fr-FR\"},{\"@type\":\"Organization\",\"@id\":\"https:\/\/knoopbv.nl\/fr\/#organization\",\"name\":\"Knoop BV\",\"url\":\"https:\/\/knoopbv.nl\/fr\/\",\"logo\":{\"@type\":\"ImageObject\",\"inLanguage\":\"fr-FR\",\"@id\":\"https:\/\/knoopbv.nl\/fr\/#\/schema\/logo\/image\/\",\"url\":\"https:\/\/knoopbv.nl\/wp-content\/uploads\/2025\/06\/cropped-knoop-logo-zonder-achtergrond.png\",\"contentUrl\":\"https:\/\/knoopbv.nl\/wp-content\/uploads\/2025\/06\/cropped-knoop-logo-zonder-achtergrond.png\",\"width\":512,\"height\":512,\"caption\":\"Knoop BV\"},\"image\":{\"@id\":\"https:\/\/knoopbv.nl\/fr\/#\/schema\/logo\/image\/\"},\"sameAs\":[\"https:\/\/www.facebook.com\/knoopBV\",\"https:\/\/www.linkedin.com\/company\/knoop-baggerwerken-bv\/\",\"https:\/\/www.youtube.com\/@knoopbv5280\"]}]}<\/script>\n<!-- \/ Yoast SEO Premium plugin. -->","yoast_head_json":{"title":"\u00c9chelle de performance du CO2 : \u00c9tape vers la durabilit\u00e9 | Knoop BV","description":"Durabilit\u00e9 avec l\u2019\u00e9chelle CO2 : d\u00e9couvrez notre progression vers le niveau 3, l\u2019impact sur toute la cha\u00eene et notre engagement pour un avenir plus durable.","robots":{"index":"index","follow":"follow","max-snippet":"max-snippet:-1","max-image-preview":"max-image-preview:large","max-video-preview":"max-video-preview:-1"},"canonical":"https:\/\/knoopbv.nl\/fr\/echelle-de-performance-co2\/","og_locale":"fr_FR","og_type":"article","og_title":"\u00c9chelle de performance CO2","og_description":"Durabilit\u00e9 avec l\u2019\u00e9chelle CO2 : d\u00e9couvrez notre progression vers le niveau 3, l\u2019impact sur toute la cha\u00eene et notre engagement pour un avenir plus durable.","og_url":"https:\/\/knoopbv.nl\/fr\/echelle-de-performance-co2\/","og_site_name":"KnoopBV","article_publisher":"https:\/\/www.facebook.com\/knoopBV","article_modified_time":"2026-02-17T11:19:19+00:00","twitter_card":"summary_large_image","twitter_misc":{"Dur\u00e9e de lecture estim\u00e9e":"2 minutes"},"schema":{"@context":"https:\/\/schema.org","@graph":[{"@type":"WebPage","@id":"https:\/\/knoopbv.nl\/fr\/echelle-de-performance-co2\/","url":"https:\/\/knoopbv.nl\/fr\/echelle-de-performance-co2\/","name":"\u00c9chelle de performance du CO2 : \u00c9tape vers la durabilit\u00e9 | Knoop BV","isPartOf":{"@id":"https:\/\/knoopbv.nl\/fr\/#website"},"datePublished":"2024-10-29T12:14:37+00:00","dateModified":"2026-02-17T11:19:19+00:00","description":"Durabilit\u00e9 avec l\u2019\u00e9chelle CO2 : d\u00e9couvrez notre progression vers le niveau 3, l\u2019impact sur toute la cha\u00eene et notre engagement pour un avenir plus durable.","breadcrumb":{"@id":"https:\/\/knoopbv.nl\/fr\/echelle-de-performance-co2\/#breadcrumb"},"inLanguage":"fr-FR","potentialAction":[{"@type":"ReadAction","target":["https:\/\/knoopbv.nl\/fr\/echelle-de-performance-co2\/"]}]},{"@type":"BreadcrumbList","@id":"https:\/\/knoopbv.nl\/fr\/echelle-de-performance-co2\/#breadcrumb","itemListElement":[{"@type":"ListItem","position":1,"name":"Home","item":"https:\/\/knoopbv.nl\/fr\/"},{"@type":"ListItem","position":2,"name":"\u00c9chelle de performance CO2"}]},{"@type":"WebSite","@id":"https:\/\/knoopbv.nl\/fr\/#website","url":"https:\/\/knoopbv.nl\/fr\/","name":"Knoop BV","description":"Ingenious for you","publisher":{"@id":"https:\/\/knoopbv.nl\/fr\/#organization"},"potentialAction":[{"@type":"SearchAction","target":{"@type":"EntryPoint","urlTemplate":"https:\/\/knoopbv.nl\/fr\/?s={search_term_string}"},"query-input":{"@type":"PropertyValueSpecification","valueRequired":true,"valueName":"search_term_string"}}],"inLanguage":"fr-FR"},{"@type":"Organization","@id":"https:\/\/knoopbv.nl\/fr\/#organization","name":"Knoop BV","url":"https:\/\/knoopbv.nl\/fr\/","logo":{"@type":"ImageObject","inLanguage":"fr-FR","@id":"https:\/\/knoopbv.nl\/fr\/#\/schema\/logo\/image\/","url":"https:\/\/knoopbv.nl\/wp-content\/uploads\/2025\/06\/cropped-knoop-logo-zonder-achtergrond.png","contentUrl":"https:\/\/knoopbv.nl\/wp-content\/uploads\/2025\/06\/cropped-knoop-logo-zonder-achtergrond.png","width":512,"height":512,"caption":"Knoop BV"},"image":{"@id":"https:\/\/knoopbv.nl\/fr\/#\/schema\/logo\/image\/"},"sameAs":["https:\/\/www.facebook.com\/knoopBV","https:\/\/www.linkedin.com\/company\/knoop-baggerwerken-bv\/","https:\/\/www.youtube.com\/@knoopbv5280"]}]}},"_links":{"self":[{"href":"https:\/\/knoopbv.nl\/fr\/wp-json\/wp\/v2\/pages\/7334","targetHints":{"allow":["GET"]}}],"collection":[{"href":"https:\/\/knoopbv.nl\/fr\/wp-json\/wp\/v2\/pages"}],"about":[{"href":"https:\/\/knoopbv.nl\/fr\/wp-json\/wp\/v2\/types\/page"}],"author":[{"embeddable":true,"href":"https:\/\/knoopbv.nl\/fr\/wp-json\/wp\/v2\/users\/1"}],"replies":[{"embeddable":true,"href":"https:\/\/knoopbv.nl\/fr\/wp-json\/wp\/v2\/comments?post=7334"}],"version-history":[{"count":6,"href":"https:\/\/knoopbv.nl\/fr\/wp-json\/wp\/v2\/pages\/7334\/revisions"}],"predecessor-version":[{"id":11282,"href":"https:\/\/knoopbv.nl\/fr\/wp-json\/wp\/v2\/pages\/7334\/revisions\/11282"}],"wp:attachment":[{"href":"https:\/\/knoopbv.nl\/fr\/wp-json\/wp\/v2\/media?parent=7334"}],"curies":[{"name":"wp","href":"https:\/\/api.w.org\/{rel}","templated":true}]}}