{"id":10624,"date":"2025-11-04T14:12:14","date_gmt":"2025-11-04T14:12:14","guid":{"rendered":"https:\/\/knoopbv.nl\/galerie-video\/"},"modified":"2025-11-24T14:19:16","modified_gmt":"2025-11-24T14:19:16","slug":"galerie-video","status":"publish","type":"page","link":"https:\/\/knoopbv.nl\/fr\/galerie-video\/","title":{"rendered":"Galerie vid\u00e9o"},"content":{"rendered":"\t\t<div data-elementor-type=\"wp-page\" data-elementor-id=\"10624\" class=\"elementor elementor-10624 elementor-10589\" data-elementor-post-type=\"page\">\n\t\t\t\t<div class=\"elementor-element elementor-element-45097d7e e-flex e-con-boxed e-con e-parent\" data-id=\"45097d7e\" data-element_type=\"container\" data-e-type=\"container\" data-settings=\"{&quot;background_background&quot;:&quot;classic&quot;}\">\n\t\t\t\t\t<div class=\"e-con-inner\">\n\t\t\t\t<div class=\"elementor-element elementor-element-3b69a59d elementor-widget elementor-widget-spacer\" data-id=\"3b69a59d\" data-element_type=\"widget\" data-e-type=\"widget\" data-widget_type=\"spacer.default\">\n\t\t\t\t<div class=\"elementor-widget-container\">\n\t\t\t\t\t\t\t<div class=\"elementor-spacer\">\n\t\t\t<div class=\"elementor-spacer-inner\"><\/div>\n\t\t<\/div>\n\t\t\t\t\t\t<\/div>\n\t\t\t\t<\/div>\n\t\t\t\t<div class=\"elementor-element elementor-element-55aaf317 elementor-widget elementor-widget-heading\" data-id=\"55aaf317\" data-element_type=\"widget\" data-e-type=\"widget\" data-widget_type=\"heading.default\">\n\t\t\t\t<div class=\"elementor-widget-container\">\n\t\t\t\t\t<h1 class=\"elementor-heading-title elementor-size-default\">Galerie vid\u00e9o<\/h1>\t\t\t\t<\/div>\n\t\t\t\t<\/div>\n\t\t\t\t\t<\/div>\n\t\t\t\t<\/div>\n\t\t<div class=\"elementor-element elementor-element-a8edb1b e-flex e-con-boxed e-con e-parent\" data-id=\"a8edb1b\" data-element_type=\"container\" data-e-type=\"container\">\n\t\t\t\t\t<div class=\"e-con-inner\">\n\t\t\t\t<div class=\"elementor-element elementor-element-fd50ac5 elementor-widget elementor-widget-text-editor\" data-id=\"fd50ac5\" data-element_type=\"widget\" data-e-type=\"widget\" data-widget_type=\"text-editor.default\">\n\t\t\t\t<div class=\"elementor-widget-container\">\n\t\t\t\t\t\t\t\t\t<p style=\"text-align: center;\"><strong>Regardez nos projets pr\u00e9c\u00e9dents \u00e0 travers l\u2019une des vid\u00e9os ci-dessous et d\u00e9couvrez ce que nous pouvons faire pour vous. <\/strong><\/p>\t\t\t\t\t\t\t\t<\/div>\n\t\t\t\t<\/div>\n\t\t\t\t\t<\/div>\n\t\t\t\t<\/div>\n\t\t<div class=\"elementor-element elementor-element-439d341c e-flex e-con-boxed e-con e-parent\" data-id=\"439d341c\" data-element_type=\"container\" data-e-type=\"container\">\n\t\t\t\t\t<div class=\"e-con-inner\">\n\t\t<div class=\"elementor-element elementor-element-f376c5f e-grid e-con-full e-con e-child\" data-id=\"f376c5f\" data-element_type=\"container\" data-e-type=\"container\">\n\t\t<div class=\"elementor-element elementor-element-b83410c e-con-full e-flex e-con e-child\" data-id=\"b83410c\" data-element_type=\"container\" data-e-type=\"container\">\n\t\t\t\t<div class=\"elementor-element elementor-element-fecc1ab elementor-widget elementor-widget-heading\" data-id=\"fecc1ab\" data-element_type=\"widget\" data-e-type=\"widget\" data-widget_type=\"heading.default\">\n\t\t\t\t<div class=\"elementor-widget-container\">\n\t\t\t\t\t<h2 class=\"elementor-heading-title elementor-size-default\">Floating Screening Dredger<\/h2>\t\t\t\t<\/div>\n\t\t\t\t<\/div>\n\t\t\t\t<div class=\"elementor-element elementor-element-506f1db elementor-widget elementor-widget-video\" data-id=\"506f1db\" data-element_type=\"widget\" data-e-type=\"widget\" data-settings=\"{&quot;youtube_url&quot;:&quot;https:\\\/\\\/youtu.be\\\/Y7wS1s7W_78&quot;,&quot;mute&quot;:&quot;yes&quot;,&quot;loop&quot;:&quot;yes&quot;,&quot;video_type&quot;:&quot;youtube&quot;,&quot;controls&quot;:&quot;yes&quot;}\" data-widget_type=\"video.default\">\n\t\t\t\t<div class=\"elementor-widget-container\">\n\t\t\t\t\t\t\t<div class=\"elementor-wrapper elementor-open-inline\">\n\t\t\t<div class=\"elementor-video\"><\/div>\t\t<\/div>\n\t\t\t\t\t\t<\/div>\n\t\t\t\t<\/div>\n\t\t\t\t<div class=\"elementor-element elementor-element-916d18b elementor-align-center elementor-widget elementor-widget-button\" data-id=\"916d18b\" data-element_type=\"widget\" data-e-type=\"widget\" data-widget_type=\"button.default\">\n\t\t\t\t<div class=\"elementor-widget-container\">\n\t\t\t\t\t\t\t\t\t<div class=\"elementor-button-wrapper\">\n\t\t\t\t\t<a class=\"elementor-button elementor-button-link elementor-size-sm\" href=\"https:\/\/knoopbv.nl\/fr\/restauration-de-la-nature-et-les-travaux-aquatiques\/restauration-de-la-nature-et-amenagement-hydraulique-rwe\/\">\n\t\t\t\t\t\t<span class=\"elementor-button-content-wrapper\">\n\t\t\t\t\t\t\t\t\t<span class=\"elementor-button-text\">En savoir plus sur ce projet<\/span>\n\t\t\t\t\t<\/span>\n\t\t\t\t\t<\/a>\n\t\t\t\t<\/div>\n\t\t\t\t\t\t\t\t<\/div>\n\t\t\t\t<\/div>\n\t\t\t\t<\/div>\n\t\t<div class=\"elementor-element elementor-element-7f661a4 e-con-full e-flex e-con e-child\" data-id=\"7f661a4\" data-element_type=\"container\" data-e-type=\"container\">\n\t\t\t\t<div class=\"elementor-element elementor-element-8d74da9 elementor-widget elementor-widget-heading\" data-id=\"8d74da9\" data-element_type=\"widget\" data-e-type=\"widget\" data-widget_type=\"heading.default\">\n\t\t\t\t<div class=\"elementor-widget-container\">\n\t\t\t\t\t<h2 class=\"elementor-heading-title elementor-size-default\">Drague d\u00e9chiqueteuse<\/h2>\t\t\t\t<\/div>\n\t\t\t\t<\/div>\n\t\t\t\t<div class=\"elementor-element elementor-element-1d2eb18 elementor-widget elementor-widget-video\" data-id=\"1d2eb18\" data-element_type=\"widget\" data-e-type=\"widget\" data-settings=\"{&quot;youtube_url&quot;:&quot;https:\\\/\\\/www.youtube.com\\\/watch?v=ho-ygOhsK1A&quot;,&quot;start&quot;:7,&quot;mute&quot;:&quot;yes&quot;,&quot;loop&quot;:&quot;yes&quot;,&quot;video_type&quot;:&quot;youtube&quot;,&quot;controls&quot;:&quot;yes&quot;}\" data-widget_type=\"video.default\">\n\t\t\t\t<div class=\"elementor-widget-container\">\n\t\t\t\t\t\t\t<div class=\"elementor-wrapper elementor-open-inline\">\n\t\t\t<div class=\"elementor-video\"><\/div>\t\t<\/div>\n\t\t\t\t\t\t<\/div>\n\t\t\t\t<\/div>\n\t\t\t\t<\/div>\n\t\t<div class=\"elementor-element elementor-element-5814dd4 e-con-full e-flex e-con e-child\" data-id=\"5814dd4\" data-element_type=\"container\" data-e-type=\"container\">\n\t\t\t\t<\/div>\n\t\t\t\t<\/div>\n\t\t\t\t\t<\/div>\n\t\t\t\t<\/div>\n\t\t<div class=\"elementor-element elementor-element-1fe9c19 e-flex e-con-boxed e-con e-parent\" data-id=\"1fe9c19\" data-element_type=\"container\" data-e-type=\"container\">\n\t\t\t\t\t<div class=\"e-con-inner\">\n\t\t<div class=\"elementor-element elementor-element-ab2366e e-grid e-con-full e-con e-child\" data-id=\"ab2366e\" data-element_type=\"container\" data-e-type=\"container\">\n\t\t\t\t<div class=\"elementor-element elementor-element-6dd4014 elementor-align-center elementor-widget elementor-widget-button\" data-id=\"6dd4014\" data-element_type=\"widget\" data-e-type=\"widget\" data-widget_type=\"button.default\">\n\t\t\t\t<div class=\"elementor-widget-container\">\n\t\t\t\t\t\t\t\t\t<div class=\"elementor-button-wrapper\">\n\t\t\t\t\t<a class=\"elementor-button elementor-button-link elementor-size-sm\" href=\"https:\/\/knoopbv.nl\/fr\/restauration-de-la-nature-et-les-travaux-aquatiques\/\">\n\t\t\t\t\t\t<span class=\"elementor-button-content-wrapper\">\n\t\t\t\t\t\t\t\t\t<span class=\"elementor-button-text\">Restauration de la nature et ing\u00e9nierie hydraulique<\/span>\n\t\t\t\t\t<\/span>\n\t\t\t\t\t<\/a>\n\t\t\t\t<\/div>\n\t\t\t\t\t\t\t\t<\/div>\n\t\t\t\t<\/div>\n\t\t\t\t<div class=\"elementor-element elementor-element-9faedac elementor-align-center elementor-widget elementor-widget-button\" data-id=\"9faedac\" data-element_type=\"widget\" data-e-type=\"widget\" data-widget_type=\"button.default\">\n\t\t\t\t<div class=\"elementor-widget-container\">\n\t\t\t\t\t\t\t\t\t<div class=\"elementor-button-wrapper\">\n\t\t\t\t\t<a class=\"elementor-button elementor-button-link elementor-size-sm\" href=\"https:\/\/knoopbv.nl\/fr\/systemes-dancrage\/\">\n\t\t\t\t\t\t<span class=\"elementor-button-content-wrapper\">\n\t\t\t\t\t\t\t\t\t<span class=\"elementor-button-text\">Syst\u00e8mes d'ancrage<\/span>\n\t\t\t\t\t<\/span>\n\t\t\t\t\t<\/a>\n\t\t\t\t<\/div>\n\t\t\t\t\t\t\t\t<\/div>\n\t\t\t\t<\/div>\n\t\t\t\t<div class=\"elementor-element elementor-element-0ceb870 elementor-align-center elementor-widget elementor-widget-button\" data-id=\"0ceb870\" data-element_type=\"widget\" data-e-type=\"widget\" data-widget_type=\"button.default\">\n\t\t\t\t<div class=\"elementor-widget-container\">\n\t\t\t\t\t\t\t\t\t<div class=\"elementor-button-wrapper\">\n\t\t\t\t\t<a class=\"elementor-button elementor-button-link elementor-size-sm\" href=\"https:\/\/knoopbv.nl\/fr\/projets-de-reference\/\">\n\t\t\t\t\t\t<span class=\"elementor-button-content-wrapper\">\n\t\t\t\t\t\t\t\t\t<span class=\"elementor-button-text\">Tous les projets de r\u00e9f\u00e9rence<\/span>\n\t\t\t\t\t<\/span>\n\t\t\t\t\t<\/a>\n\t\t\t\t<\/div>\n\t\t\t\t\t\t\t\t<\/div>\n\t\t\t\t<\/div>\n\t\t\t\t<\/div>\n\t\t\t\t\t<\/div>\n\t\t\t\t<\/div>\n\t\t\t\t<\/div>\n\t\t","protected":false},"excerpt":{"rendered":"<p>Galerie vid\u00e9o Regardez nos projets pr\u00e9c\u00e9dents \u00e0 travers l\u2019une des vid\u00e9os ci-dessous et d\u00e9couvrez ce que nous pouvons faire pour vous. Floating Screening Dredger En savoir plus sur ce projet Drague d\u00e9chiqueteuse Restauration de la nature et ing\u00e9nierie hydraulique Syst\u00e8mes d&rsquo;ancrage Tous les projets de r\u00e9f\u00e9rence<\/p>\n","protected":false},"author":1,"featured_media":0,"parent":0,"menu_order":0,"comment_status":"closed","ping_status":"closed","template":"elementor_header_footer","meta":{"footnotes":""},"class_list":["post-10624","page","type-page","status-publish","hentry"],"yoast_head":"<!-- This site is optimized with the Yoast SEO Premium plugin v25.4 (Yoast SEO v25.4) - https:\/\/yoast.com\/wordpress\/plugins\/seo\/ -->\n<title>Galerie vid\u00e9o - KnoopBV<\/title>\n<meta name=\"robots\" content=\"index, follow, max-snippet:-1, max-image-preview:large, max-video-preview:-1\" \/>\n<link rel=\"canonical\" href=\"https:\/\/knoopbv.nl\/fr\/galerie-video\/\" \/>\n<meta property=\"og:locale\" content=\"fr_FR\" \/>\n<meta property=\"og:type\" content=\"article\" \/>\n<meta property=\"og:title\" content=\"Galerie vid\u00e9o\" \/>\n<meta property=\"og:description\" content=\"Galerie vid\u00e9o Regardez nos projets pr\u00e9c\u00e9dents \u00e0 travers l\u2019une des vid\u00e9os ci-dessous et d\u00e9couvrez ce que nous pouvons faire pour vous. Floating Screening Dredger En savoir plus sur ce projet Drague d\u00e9chiqueteuse Restauration de la nature et ing\u00e9nierie hydraulique Syst\u00e8mes d&rsquo;ancrage Tous les projets de r\u00e9f\u00e9rence\" \/>\n<meta property=\"og:url\" content=\"https:\/\/knoopbv.nl\/fr\/galerie-video\/\" \/>\n<meta property=\"og:site_name\" content=\"KnoopBV\" \/>\n<meta property=\"article:publisher\" content=\"https:\/\/www.facebook.com\/knoopBV\" \/>\n<meta property=\"article:modified_time\" content=\"2025-11-24T14:19:16+00:00\" \/>\n<meta name=\"twitter:card\" content=\"summary_large_image\" \/>\n<script type=\"application\/ld+json\" class=\"yoast-schema-graph\">{\"@context\":\"https:\/\/schema.org\",\"@graph\":[{\"@type\":\"WebPage\",\"@id\":\"https:\/\/knoopbv.nl\/fr\/galerie-video\/\",\"url\":\"https:\/\/knoopbv.nl\/fr\/galerie-video\/\",\"name\":\"Galerie vid\u00e9o - KnoopBV\",\"isPartOf\":{\"@id\":\"https:\/\/knoopbv.nl\/fr\/#website\"},\"datePublished\":\"2025-11-04T14:12:14+00:00\",\"dateModified\":\"2025-11-24T14:19:16+00:00\",\"breadcrumb\":{\"@id\":\"https:\/\/knoopbv.nl\/fr\/galerie-video\/#breadcrumb\"},\"inLanguage\":\"fr-FR\",\"potentialAction\":[{\"@type\":\"ReadAction\",\"target\":[\"https:\/\/knoopbv.nl\/fr\/galerie-video\/\"]}]},{\"@type\":\"BreadcrumbList\",\"@id\":\"https:\/\/knoopbv.nl\/fr\/galerie-video\/#breadcrumb\",\"itemListElement\":[{\"@type\":\"ListItem\",\"position\":1,\"name\":\"Home\",\"item\":\"https:\/\/knoopbv.nl\/fr\/\"},{\"@type\":\"ListItem\",\"position\":2,\"name\":\"Galerie vid\u00e9o\"}]},{\"@type\":\"WebSite\",\"@id\":\"https:\/\/knoopbv.nl\/fr\/#website\",\"url\":\"https:\/\/knoopbv.nl\/fr\/\",\"name\":\"Knoop BV\",\"description\":\"Ingenious for you\",\"publisher\":{\"@id\":\"https:\/\/knoopbv.nl\/fr\/#organization\"},\"potentialAction\":[{\"@type\":\"SearchAction\",\"target\":{\"@type\":\"EntryPoint\",\"urlTemplate\":\"https:\/\/knoopbv.nl\/fr\/?s={search_term_string}\"},\"query-input\":{\"@type\":\"PropertyValueSpecification\",\"valueRequired\":true,\"valueName\":\"search_term_string\"}}],\"inLanguage\":\"fr-FR\"},{\"@type\":\"Organization\",\"@id\":\"https:\/\/knoopbv.nl\/fr\/#organization\",\"name\":\"Knoop BV\",\"url\":\"https:\/\/knoopbv.nl\/fr\/\",\"logo\":{\"@type\":\"ImageObject\",\"inLanguage\":\"fr-FR\",\"@id\":\"https:\/\/knoopbv.nl\/fr\/#\/schema\/logo\/image\/\",\"url\":\"https:\/\/knoopbv.nl\/wp-content\/uploads\/2025\/06\/cropped-knoop-logo-zonder-achtergrond.png\",\"contentUrl\":\"https:\/\/knoopbv.nl\/wp-content\/uploads\/2025\/06\/cropped-knoop-logo-zonder-achtergrond.png\",\"width\":512,\"height\":512,\"caption\":\"Knoop BV\"},\"image\":{\"@id\":\"https:\/\/knoopbv.nl\/fr\/#\/schema\/logo\/image\/\"},\"sameAs\":[\"https:\/\/www.facebook.com\/knoopBV\",\"https:\/\/www.linkedin.com\/company\/knoop-baggerwerken-bv\/\",\"https:\/\/www.youtube.com\/@knoopbv5280\"]}]}<\/script>\n<!-- \/ Yoast SEO Premium plugin. -->","yoast_head_json":{"title":"Galerie vid\u00e9o - KnoopBV","robots":{"index":"index","follow":"follow","max-snippet":"max-snippet:-1","max-image-preview":"max-image-preview:large","max-video-preview":"max-video-preview:-1"},"canonical":"https:\/\/knoopbv.nl\/fr\/galerie-video\/","og_locale":"fr_FR","og_type":"article","og_title":"Galerie vid\u00e9o","og_description":"Galerie vid\u00e9o Regardez nos projets pr\u00e9c\u00e9dents \u00e0 travers l\u2019une des vid\u00e9os ci-dessous et d\u00e9couvrez ce que nous pouvons faire pour vous. Floating Screening Dredger En savoir plus sur ce projet Drague d\u00e9chiqueteuse Restauration de la nature et ing\u00e9nierie hydraulique Syst\u00e8mes d&rsquo;ancrage Tous les projets de r\u00e9f\u00e9rence","og_url":"https:\/\/knoopbv.nl\/fr\/galerie-video\/","og_site_name":"KnoopBV","article_publisher":"https:\/\/www.facebook.com\/knoopBV","article_modified_time":"2025-11-24T14:19:16+00:00","twitter_card":"summary_large_image","schema":{"@context":"https:\/\/schema.org","@graph":[{"@type":"WebPage","@id":"https:\/\/knoopbv.nl\/fr\/galerie-video\/","url":"https:\/\/knoopbv.nl\/fr\/galerie-video\/","name":"Galerie vid\u00e9o - KnoopBV","isPartOf":{"@id":"https:\/\/knoopbv.nl\/fr\/#website"},"datePublished":"2025-11-04T14:12:14+00:00","dateModified":"2025-11-24T14:19:16+00:00","breadcrumb":{"@id":"https:\/\/knoopbv.nl\/fr\/galerie-video\/#breadcrumb"},"inLanguage":"fr-FR","potentialAction":[{"@type":"ReadAction","target":["https:\/\/knoopbv.nl\/fr\/galerie-video\/"]}]},{"@type":"BreadcrumbList","@id":"https:\/\/knoopbv.nl\/fr\/galerie-video\/#breadcrumb","itemListElement":[{"@type":"ListItem","position":1,"name":"Home","item":"https:\/\/knoopbv.nl\/fr\/"},{"@type":"ListItem","position":2,"name":"Galerie vid\u00e9o"}]},{"@type":"WebSite","@id":"https:\/\/knoopbv.nl\/fr\/#website","url":"https:\/\/knoopbv.nl\/fr\/","name":"Knoop BV","description":"Ingenious for you","publisher":{"@id":"https:\/\/knoopbv.nl\/fr\/#organization"},"potentialAction":[{"@type":"SearchAction","target":{"@type":"EntryPoint","urlTemplate":"https:\/\/knoopbv.nl\/fr\/?s={search_term_string}"},"query-input":{"@type":"PropertyValueSpecification","valueRequired":true,"valueName":"search_term_string"}}],"inLanguage":"fr-FR"},{"@type":"Organization","@id":"https:\/\/knoopbv.nl\/fr\/#organization","name":"Knoop BV","url":"https:\/\/knoopbv.nl\/fr\/","logo":{"@type":"ImageObject","inLanguage":"fr-FR","@id":"https:\/\/knoopbv.nl\/fr\/#\/schema\/logo\/image\/","url":"https:\/\/knoopbv.nl\/wp-content\/uploads\/2025\/06\/cropped-knoop-logo-zonder-achtergrond.png","contentUrl":"https:\/\/knoopbv.nl\/wp-content\/uploads\/2025\/06\/cropped-knoop-logo-zonder-achtergrond.png","width":512,"height":512,"caption":"Knoop BV"},"image":{"@id":"https:\/\/knoopbv.nl\/fr\/#\/schema\/logo\/image\/"},"sameAs":["https:\/\/www.facebook.com\/knoopBV","https:\/\/www.linkedin.com\/company\/knoop-baggerwerken-bv\/","https:\/\/www.youtube.com\/@knoopbv5280"]}]}},"_links":{"self":[{"href":"https:\/\/knoopbv.nl\/fr\/wp-json\/wp\/v2\/pages\/10624","targetHints":{"allow":["GET"]}}],"collection":[{"href":"https:\/\/knoopbv.nl\/fr\/wp-json\/wp\/v2\/pages"}],"about":[{"href":"https:\/\/knoopbv.nl\/fr\/wp-json\/wp\/v2\/types\/page"}],"author":[{"embeddable":true,"href":"https:\/\/knoopbv.nl\/fr\/wp-json\/wp\/v2\/users\/1"}],"replies":[{"embeddable":true,"href":"https:\/\/knoopbv.nl\/fr\/wp-json\/wp\/v2\/comments?post=10624"}],"version-history":[{"count":3,"href":"https:\/\/knoopbv.nl\/fr\/wp-json\/wp\/v2\/pages\/10624\/revisions"}],"predecessor-version":[{"id":10759,"href":"https:\/\/knoopbv.nl\/fr\/wp-json\/wp\/v2\/pages\/10624\/revisions\/10759"}],"wp:attachment":[{"href":"https:\/\/knoopbv.nl\/fr\/wp-json\/wp\/v2\/media?parent=10624"}],"curies":[{"name":"wp","href":"https:\/\/api.w.org\/{rel}","templated":true}]}}