{"id":7237,"date":"2024-10-29T12:15:12","date_gmt":"2024-10-29T12:15:12","guid":{"rendered":"https:\/\/knpbv.nl\/umweltbewusstes-sicheres-arbeiten\/"},"modified":"2025-07-07T13:39:47","modified_gmt":"2025-07-07T13:39:47","slug":"umweltbewusstes-sicheres-arbeiten","status":"publish","type":"page","link":"https:\/\/knoopbv.nl\/de\/umweltbewusstes-sicheres-arbeiten\/","title":{"rendered":"Umweltbewusstes &amp; sicheres Arbeiten"},"content":{"rendered":"\t\t<div data-elementor-type=\"wp-page\" data-elementor-id=\"7237\" class=\"elementor elementor-7237 elementor-148\" data-elementor-post-type=\"page\">\n\t\t\t\t<div class=\"elementor-element elementor-element-4f3aa49 e-flex e-con-boxed e-con e-parent\" data-id=\"4f3aa49\" data-element_type=\"container\" data-e-type=\"container\" data-settings=\"{&quot;background_background&quot;:&quot;classic&quot;}\">\n\t\t\t\t\t<div class=\"e-con-inner\">\n\t\t<div class=\"elementor-element elementor-element-cb257b3 e-con-full e-flex e-con e-child\" data-id=\"cb257b3\" data-element_type=\"container\" data-e-type=\"container\">\n\t\t\t\t<div class=\"elementor-element elementor-element-1591c92 elementor-widget elementor-widget-heading\" data-id=\"1591c92\" data-element_type=\"widget\" data-e-type=\"widget\" data-widget_type=\"heading.default\">\n\t\t\t\t<div class=\"elementor-widget-container\">\n\t\t\t\t\t<h1 class=\"elementor-heading-title elementor-size-default\">Umweltbewusstes &amp; sicheres Arbeiten <\/h1>\t\t\t\t<\/div>\n\t\t\t\t<\/div>\n\t\t\t\t<\/div>\n\t\t\t\t\t<\/div>\n\t\t\t\t<\/div>\n\t\t<div class=\"elementor-element elementor-element-779db8a e-flex e-con-boxed e-con e-parent\" data-id=\"779db8a\" data-element_type=\"container\" data-e-type=\"container\">\n\t\t\t\t\t<div class=\"e-con-inner\">\n\t\t<div class=\"elementor-element elementor-element-8596815 e-con-full e-flex e-con e-child\" data-id=\"8596815\" data-element_type=\"container\" data-e-type=\"container\">\n\t\t<div class=\"elementor-element elementor-element-2fe43bb e-con-full e-flex e-con e-child\" data-id=\"2fe43bb\" data-element_type=\"container\" data-e-type=\"container\" data-settings=\"{&quot;background_background&quot;:&quot;classic&quot;}\">\n\t\t\t\t<div class=\"elementor-element elementor-element-e3c80be elementor-widget elementor-widget-heading\" data-id=\"e3c80be\" data-element_type=\"widget\" data-e-type=\"widget\" data-widget_type=\"heading.default\">\n\t\t\t\t<div class=\"elementor-widget-container\">\n\t\t\t\t\t<h2 class=\"elementor-heading-title elementor-size-default\">Umweltbewusstes &amp; sicheres Arbeiten <\/h2>\t\t\t\t<\/div>\n\t\t\t\t<\/div>\n\t\t\t\t<\/div>\n\t\t\t\t<div class=\"elementor-element elementor-element-5a4d119 elementor-widget elementor-widget-text-editor\" data-id=\"5a4d119\" data-element_type=\"widget\" data-e-type=\"widget\" data-widget_type=\"text-editor.default\">\n\t\t\t\t<div class=\"elementor-widget-container\">\n\t\t\t\t\t\t\t\t\t<p><strong>Bei Knoop B.V. legen wir gro\u00dfen Wert auf Nachhaltigkeit und Sicherheit. Wir arbeiten in unserem Betrieb und vor Ort so umweltfreundlich wie m\u00f6glich und sorgen daf\u00fcr, dass sich alle Mitarbeitenden der Risiken bewusst sind, um die Arbeiten so sicher wie m\u00f6glich ausf\u00fchren zu k\u00f6nnen.  <\/strong><\/p>\t\t\t\t\t\t\t\t<\/div>\n\t\t\t\t<\/div>\n\t\t\t\t<div class=\"elementor-element elementor-element-abc6527 elementor-widget elementor-widget-heading\" data-id=\"abc6527\" data-element_type=\"widget\" data-e-type=\"widget\" data-widget_type=\"heading.default\">\n\t\t\t\t<div class=\"elementor-widget-container\">\n\t\t\t\t\t<h3 class=\"elementor-heading-title elementor-size-default\">Erneuerbare Energien<\/h3>\t\t\t\t<\/div>\n\t\t\t\t<\/div>\n\t\t\t\t<div class=\"elementor-element elementor-element-fb09643 elementor-widget elementor-widget-text-editor\" data-id=\"fb09643\" data-element_type=\"widget\" data-e-type=\"widget\" data-widget_type=\"text-editor.default\">\n\t\t\t\t<div class=\"elementor-widget-container\">\n\t\t\t\t\t\t\t\t\t<p>Wir erzeugen unseren Strom selbst mit Hilfe von Solarmodulen auf unserem Dach. Diese Energie nutzen wir nicht nur zum K\u00fchlen und Heizen unseres B\u00fcrogeb\u00e4udes, sondern auch zum Aufladen unserer Elektroautos.   <\/p><p>Dar\u00fcber hinaus f\u00f6rdern wir die Nutzung digitaler Tools f\u00fcr Besprechungen, um unn\u00f6tige Reisen zu vermeiden. <\/p>\t\t\t\t\t\t\t\t<\/div>\n\t\t\t\t<\/div>\n\t\t\t\t<div class=\"elementor-element elementor-element-23ad3c7 elementor-widget elementor-widget-heading\" data-id=\"23ad3c7\" data-element_type=\"widget\" data-e-type=\"widget\" data-widget_type=\"heading.default\">\n\t\t\t\t<div class=\"elementor-widget-container\">\n\t\t\t\t\t<h3 class=\"elementor-heading-title elementor-size-default\">Sauberere Maschinen<\/h3>\t\t\t\t<\/div>\n\t\t\t\t<\/div>\n\t\t\t\t<div class=\"elementor-element elementor-element-ffc7ad6 elementor-widget elementor-widget-text-editor\" data-id=\"ffc7ad6\" data-element_type=\"widget\" data-e-type=\"widget\" data-widget_type=\"text-editor.default\">\n\t\t\t\t<div class=\"elementor-widget-container\">\n\t\t\t\t\t\t\t\t\t<p>Wir arbeiten daran, unsere Maschinen <strong>CO\u2082-neutral<\/strong> zu machen und untersuchen, wie Wasserstoff und Elektrifizierung dabei helfen k\u00f6nnen. <\/p><p>Derzeit entwickeln wir Arbeitsboote, die mit Wasserstoff betrieben werden k\u00f6nnen, und unser Schwesterunternehmen <span style=\"color: #000000;\"><a style=\"color: #000000;\" href=\"http:\/\/www.waterking.nl\" target=\"_blank\" rel=\"noopener\"><span style=\"text-decoration: underline;\">Waterking<\/span><\/a><\/span> hat den ersten elektrischen Amphibienbagger realisiert: <span style=\"color: #000000;\"><a style=\"color: #000000; text-decoration: underline;\" href=\"https:\/\/knoopbv.nl\/wp-content\/uploads\/2025\/03\/WK-300-NG-E-informatiepaneel.pdf\" target=\"_blank\" rel=\"noopener\"><strong>den WK350 <\/strong><\/a><\/span>NG-E. Das Arbeitsboot, Kelly, und der WK350 NG-E waren auf der Bauma 2025 in M\u00fcnchen (DE) zu sehen. <\/p><p>Workboat Kelly bietet Optionen f\u00fcr verschiedene Motorentypen an, um auch umweltbewusst zu sein. Die Optionen sind: <\/p><ul><li>Angetrieben durch Wasserstoff, <\/li><li>oder mit elektrischem Strom betrieben werden. <\/li><\/ul><p>Diesel ist auch eine M\u00f6glichkeit, wenn der Wunsch danach besteht. Dann wird das Arbeitsboot Kelly einen Dieselmotor der Stufe 5 verwenden.  <\/p><p>Neben den innovativen Entwicklungen verwenden wir auch Maschinen, die mit den saubersten Dieselmotoren betrieben werden, welche derzeit verf\u00fcgbar sind: <strong>Dieselmotoren der Stufe V.<\/strong> Diese Motoren erf\u00fcllen die strengsten Normen und sto\u00dfen weniger Schadstoffe aus als fr\u00fchere Generationen. Dar\u00fcber hinaus werden unsere Dieselmotoren mit <strong>HVO100<\/strong> betrieben, einem erneuerbaren Kraftstoff, der die CO\u2082-Emissionen erheblich reduziert.   <\/p>\t\t\t\t\t\t\t\t<\/div>\n\t\t\t\t<\/div>\n\t\t\t\t<div class=\"elementor-element elementor-element-6ef8f74 elementor-widget elementor-widget-heading\" data-id=\"6ef8f74\" data-element_type=\"widget\" data-e-type=\"widget\" data-widget_type=\"heading.default\">\n\t\t\t\t<div class=\"elementor-widget-container\">\n\t\t\t\t\t<h3 class=\"elementor-heading-title elementor-size-default\">Sicherheit<\/h3>\t\t\t\t<\/div>\n\t\t\t\t<\/div>\n\t\t\t\t<div class=\"elementor-element elementor-element-e0faf11 elementor-widget elementor-widget-text-editor\" data-id=\"e0faf11\" data-element_type=\"widget\" data-e-type=\"widget\" data-widget_type=\"text-editor.default\">\n\t\t\t\t<div class=\"elementor-widget-container\">\n\t\t\t\t\t\t\t\t\t<p>Ohne unser Personal g\u00e4be es Knoop B.V. nicht. Deshalb sorgen wir daf\u00fcr, dass alle sicher arbeiten k\u00f6nnen. Zu diesem Zweck halten wir das Wissen aller Mitarbeitenden durch <strong>Schulungen<\/strong> und <strong>Kurse <\/strong>auf dem neuesten Stand und stellen ihnen <strong>pers\u00f6nliche Schutzausr\u00fcstung<\/strong> zur Verf\u00fcgung.  <\/p>\t\t\t\t\t\t\t\t<\/div>\n\t\t\t\t<\/div>\n\t\t\t\t<div class=\"elementor-element elementor-element-0e59e0f elementor-widget elementor-widget-heading\" data-id=\"0e59e0f\" data-element_type=\"widget\" data-e-type=\"widget\" data-widget_type=\"heading.default\">\n\t\t\t\t<div class=\"elementor-widget-container\">\n\t\t\t\t\t<h3 class=\"elementor-heading-title elementor-size-default\">VCA<\/h3>\t\t\t\t<\/div>\n\t\t\t\t<\/div>\n\t\t\t\t<div class=\"elementor-element elementor-element-a46804a elementor-widget elementor-widget-text-editor\" data-id=\"a46804a\" data-element_type=\"widget\" data-e-type=\"widget\" data-widget_type=\"text-editor.default\">\n\t\t\t\t<div class=\"elementor-widget-container\">\n\t\t\t\t\t\t\t\t\t<p>Unsere Arbeit birgt Risiken. Deshalb sorgen wir daf\u00fcr, dass alle Mitarbeitenden an den Arbeitsorten bestens vorbereitet sind. Die VCA-Zertifizierung ist f\u00fcr uns Standard, und das gilt nicht nur f\u00fcr Maschinenf\u00fchrer, sondern auch f\u00fcr B\u00fcroangestellte, die Projektstandorte besuchen.   <\/p>\t\t\t\t\t\t\t\t<\/div>\n\t\t\t\t<\/div>\n\t\t\t\t<div class=\"elementor-element elementor-element-b67bbb4 elementor-widget elementor-widget-heading\" data-id=\"b67bbb4\" data-element_type=\"widget\" data-e-type=\"widget\" data-widget_type=\"heading.default\">\n\t\t\t\t<div class=\"elementor-widget-container\">\n\t\t\t\t\t<h3 class=\"elementor-heading-title elementor-size-default\">Offen &amp; ehrlich<\/h3>\t\t\t\t<\/div>\n\t\t\t\t<\/div>\n\t\t\t\t<div class=\"elementor-element elementor-element-0822f72 elementor-widget elementor-widget-text-editor\" data-id=\"0822f72\" data-element_type=\"widget\" data-e-type=\"widget\" data-widget_type=\"text-editor.default\">\n\t\t\t\t<div class=\"elementor-widget-container\">\n\t\t\t\t\t\t\t\t\t<p>Wir legen Wert darauf, dass sich alle am Arbeitsplatz wohlf\u00fchlen, was auch bedeutet, dass wir uns gegenseitig auf Sicherheitsaspekte ansprechen. Durch einen fortlaufenden Dialog und gegebenenfalls durch Anpassung der Vorschriften sorgen wir daf\u00fcr, dass jeder seine Arbeit gut und sicher ausf\u00fchren kann.  <\/p><p>Dar\u00fcber hinaus f\u00f6rdern wir eine offene Kultur, in der alles besprochen werden kann.<\/p>\t\t\t\t\t\t\t\t<\/div>\n\t\t\t\t<\/div>\n\t\t\t\t<div class=\"elementor-element elementor-element-f76d8e4 elementor-widget elementor-widget-heading\" data-id=\"f76d8e4\" data-element_type=\"widget\" data-e-type=\"widget\" data-widget_type=\"heading.default\">\n\t\t\t\t<div class=\"elementor-widget-container\">\n\t\t\t\t\t<h3 class=\"elementor-heading-title elementor-size-default\">Gemeinsam verantwortungsbewusst arbeiten<\/h3>\t\t\t\t<\/div>\n\t\t\t\t<\/div>\n\t\t\t\t<div class=\"elementor-element elementor-element-e4a1df1 elementor-widget elementor-widget-text-editor\" data-id=\"e4a1df1\" data-element_type=\"widget\" data-e-type=\"widget\" data-widget_type=\"text-editor.default\">\n\t\t\t\t<div class=\"elementor-widget-container\">\n\t\t\t\t\t\t\t\t\t<p>Nachhaltigkeit und Sicherheit sind f\u00fcr uns keine getrennten Themen, sondern gehen Hand in Hand. Wir suchen weiterhin nach M\u00f6glichkeiten, intelligenter, umweltfreundlicher und sicherer zu arbeiten. So steht dem Fortschritt nichts im Wege. <\/p>\t\t\t\t\t\t\t\t<\/div>\n\t\t\t\t<\/div>\n\t\t\t\t<\/div>\n\t\t<div class=\"elementor-element elementor-element-5b44236 e-con-full e-flex e-con e-child\" data-id=\"5b44236\" data-element_type=\"container\" data-e-type=\"container\">\n\t\t\t\t<div class=\"elementor-element elementor-element-8254def elementor-widget elementor-widget-spacer\" data-id=\"8254def\" data-element_type=\"widget\" data-e-type=\"widget\" data-widget_type=\"spacer.default\">\n\t\t\t\t<div class=\"elementor-widget-container\">\n\t\t\t\t\t\t\t<div class=\"elementor-spacer\">\n\t\t\t<div class=\"elementor-spacer-inner\"><\/div>\n\t\t<\/div>\n\t\t\t\t\t\t<\/div>\n\t\t\t\t<\/div>\n\t\t\t\t<div class=\"elementor-element elementor-element-037891b elementor-widget elementor-widget-image\" data-id=\"037891b\" data-element_type=\"widget\" data-e-type=\"widget\" data-widget_type=\"image.default\">\n\t\t\t\t<div class=\"elementor-widget-container\">\n\t\t\t\t\t\t\t\t\t\t\t\t\t\t\t<img fetchpriority=\"high\" decoding=\"async\" width=\"800\" height=\"450\" src=\"https:\/\/knoopbv.nl\/wp-content\/uploads\/2025\/03\/DJI_0009-1024x576.jpg\" class=\"attachment-large size-large wp-image-6154\" alt=\"Bedrijventerrein Knoop BV &amp; Waterking met amfibische graafmachines zichtbaar in meerdere formaten (WK300 tot en met WK20)\" srcset=\"https:\/\/knoopbv.nl\/wp-content\/uploads\/2025\/03\/DJI_0009-1024x576.jpg 1024w, https:\/\/knoopbv.nl\/wp-content\/uploads\/2025\/03\/DJI_0009-300x169.jpg 300w, https:\/\/knoopbv.nl\/wp-content\/uploads\/2025\/03\/DJI_0009-768x432.jpg 768w, https:\/\/knoopbv.nl\/wp-content\/uploads\/2025\/03\/DJI_0009-1536x864.jpg 1536w, https:\/\/knoopbv.nl\/wp-content\/uploads\/2025\/03\/DJI_0009-2048x1152.jpg 2048w\" sizes=\"(max-width: 800px) 100vw, 800px\" \/>\t\t\t\t\t\t\t\t\t\t\t\t\t\t\t<\/div>\n\t\t\t\t<\/div>\n\t\t\t\t<div class=\"elementor-element elementor-element-45a87c2 elementor-widget elementor-widget-spacer\" data-id=\"45a87c2\" data-element_type=\"widget\" data-e-type=\"widget\" data-widget_type=\"spacer.default\">\n\t\t\t\t<div class=\"elementor-widget-container\">\n\t\t\t\t\t\t\t<div class=\"elementor-spacer\">\n\t\t\t<div class=\"elementor-spacer-inner\"><\/div>\n\t\t<\/div>\n\t\t\t\t\t\t<\/div>\n\t\t\t\t<\/div>\n\t\t\t\t<div class=\"elementor-element elementor-element-44300ff elementor-widget elementor-widget-image\" data-id=\"44300ff\" data-element_type=\"widget\" data-e-type=\"widget\" data-widget_type=\"image.default\">\n\t\t\t\t<div class=\"elementor-widget-container\">\n\t\t\t\t\t\t\t\t\t\t\t\t\t\t\t<img decoding=\"async\" width=\"800\" height=\"565\" src=\"https:\/\/knoopbv.nl\/wp-content\/uploads\/2025\/03\/Boosterstation-in-werking-1-1024x723.jpg\" class=\"attachment-large size-large wp-image-6157\" alt=\"Wereld primeur: WK350 NG-E, eerste volledige elektrische amfibische baggerset met elektrische DAMEN DOP Pomp, leidingwerk en drijver zichtbaar ter voorbereiding van de Bauma 2025 te M\u00fcnchen\" srcset=\"https:\/\/knoopbv.nl\/wp-content\/uploads\/2025\/03\/Boosterstation-in-werking-1-1024x723.jpg 1024w, https:\/\/knoopbv.nl\/wp-content\/uploads\/2025\/03\/Boosterstation-in-werking-1-300x212.jpg 300w, https:\/\/knoopbv.nl\/wp-content\/uploads\/2025\/03\/Boosterstation-in-werking-1-768x542.jpg 768w, https:\/\/knoopbv.nl\/wp-content\/uploads\/2025\/03\/Boosterstation-in-werking-1-1536x1084.jpg 1536w, https:\/\/knoopbv.nl\/wp-content\/uploads\/2025\/03\/Boosterstation-in-werking-1-2048x1446.jpg 2048w\" sizes=\"(max-width: 800px) 100vw, 800px\" \/>\t\t\t\t\t\t\t\t\t\t\t\t\t\t\t<\/div>\n\t\t\t\t<\/div>\n\t\t\t\t<div class=\"elementor-element elementor-element-f919858 elementor-widget elementor-widget-spacer\" data-id=\"f919858\" data-element_type=\"widget\" data-e-type=\"widget\" data-widget_type=\"spacer.default\">\n\t\t\t\t<div class=\"elementor-widget-container\">\n\t\t\t\t\t\t\t<div class=\"elementor-spacer\">\n\t\t\t<div class=\"elementor-spacer-inner\"><\/div>\n\t\t<\/div>\n\t\t\t\t\t\t<\/div>\n\t\t\t\t<\/div>\n\t\t\t\t<div class=\"elementor-element elementor-element-50a30d7 elementor-widget elementor-widget-image\" data-id=\"50a30d7\" data-element_type=\"widget\" data-e-type=\"widget\" data-widget_type=\"image.default\">\n\t\t\t\t<div class=\"elementor-widget-container\">\n\t\t\t\t\t\t\t\t\t\t\t\t\t\t\t<img decoding=\"async\" width=\"800\" height=\"450\" src=\"https:\/\/knoopbv.nl\/wp-content\/uploads\/2025\/03\/DSCF2662-1024x576.jpg\" class=\"attachment-large size-large wp-image-6310\" alt=\"Verankeringsproject - Verankeringssysteem referentie project- Zichtbaar: Aanwezigheid op verankeringsplatform, samenwerken, protocollen opvolgen, veiligheid waarborgen, persoonlijk bescherming middelen aanwezig\" srcset=\"https:\/\/knoopbv.nl\/wp-content\/uploads\/2025\/03\/DSCF2662-1024x576.jpg 1024w, https:\/\/knoopbv.nl\/wp-content\/uploads\/2025\/03\/DSCF2662-300x169.jpg 300w, https:\/\/knoopbv.nl\/wp-content\/uploads\/2025\/03\/DSCF2662-768x432.jpg 768w, https:\/\/knoopbv.nl\/wp-content\/uploads\/2025\/03\/DSCF2662-1536x864.jpg 1536w, https:\/\/knoopbv.nl\/wp-content\/uploads\/2025\/03\/DSCF2662-2048x1153.jpg 2048w\" sizes=\"(max-width: 800px) 100vw, 800px\" \/>\t\t\t\t\t\t\t\t\t\t\t\t\t\t\t<\/div>\n\t\t\t\t<\/div>\n\t\t\t\t<\/div>\n\t\t\t\t\t<\/div>\n\t\t\t\t<\/div>\n\t\t\t\t<\/div>\n\t\t","protected":false},"excerpt":{"rendered":"<p>Umweltbewusstes &amp; sicheres Arbeiten Umweltbewusstes &amp; sicheres Arbeiten Bei Knoop B.V. legen wir gro\u00dfen Wert auf Nachhaltigkeit und Sicherheit. Wir arbeiten in unserem Betrieb und vor Ort so umweltfreundlich wie m\u00f6glich und sorgen daf\u00fcr, dass sich alle Mitarbeitenden der Risiken bewusst sind, um die Arbeiten so sicher wie m\u00f6glich ausf\u00fchren zu k\u00f6nnen. Erneuerbare Energien Wir [&hellip;]<\/p>\n","protected":false},"author":1,"featured_media":0,"parent":0,"menu_order":0,"comment_status":"closed","ping_status":"closed","template":"elementor_header_footer","meta":{"footnotes":""},"class_list":["post-7237","page","type-page","status-publish","hentry"],"yoast_head":"<!-- This site is optimized with the Yoast SEO Premium plugin v25.4 (Yoast SEO v25.4) - https:\/\/yoast.com\/wordpress\/plugins\/seo\/ -->\n<title>Umweltbewusst und sicher: Der Standard bei Knoop BV | Knoop BV<\/title>\n<meta name=\"description\" content=\"Bei Knoop BV arbeiten wir bewusst. Und das zeigt sich in den Initiativen f\u00fcr umweltbewusstes Arbeiten ebenso wie f\u00fcr sicheres Arbeiten f\u00fcr unsere Mitarbeiter\" \/>\n<meta name=\"robots\" content=\"index, follow, max-snippet:-1, max-image-preview:large, max-video-preview:-1\" \/>\n<link rel=\"canonical\" href=\"https:\/\/knoopbv.nl\/de\/umweltbewusstes-sicheres-arbeiten\/\" \/>\n<meta property=\"og:locale\" content=\"de_DE\" \/>\n<meta property=\"og:type\" content=\"article\" \/>\n<meta property=\"og:title\" content=\"Umweltbewusstes &amp; sicheres Arbeiten\" \/>\n<meta property=\"og:description\" content=\"Bei Knoop BV arbeiten wir bewusst. Und das zeigt sich in den Initiativen f\u00fcr umweltbewusstes Arbeiten ebenso wie f\u00fcr sicheres Arbeiten f\u00fcr unsere Mitarbeiter\" \/>\n<meta property=\"og:url\" content=\"https:\/\/knoopbv.nl\/de\/umweltbewusstes-sicheres-arbeiten\/\" \/>\n<meta property=\"og:site_name\" content=\"KnoopBV\" \/>\n<meta property=\"article:publisher\" content=\"https:\/\/www.facebook.com\/knoopBV\" \/>\n<meta property=\"article:modified_time\" content=\"2025-07-07T13:39:47+00:00\" \/>\n<meta property=\"og:image\" content=\"https:\/\/knoopbv.nl\/wp-content\/uploads\/2025\/03\/DJI_0009-scaled.jpg\" \/>\n\t<meta property=\"og:image:width\" content=\"2560\" \/>\n\t<meta property=\"og:image:height\" content=\"1440\" \/>\n\t<meta property=\"og:image:type\" content=\"image\/jpeg\" \/>\n<meta name=\"twitter:card\" content=\"summary_large_image\" \/>\n<meta name=\"twitter:label1\" content=\"Gesch\u00e4tzte Lesezeit\" \/>\n\t<meta name=\"twitter:data1\" content=\"2\u00a0Minuten\" \/>\n<script type=\"application\/ld+json\" class=\"yoast-schema-graph\">{\"@context\":\"https:\/\/schema.org\",\"@graph\":[{\"@type\":\"WebPage\",\"@id\":\"https:\/\/knoopbv.nl\/de\/umweltbewusstes-sicheres-arbeiten\/\",\"url\":\"https:\/\/knoopbv.nl\/de\/umweltbewusstes-sicheres-arbeiten\/\",\"name\":\"Umweltbewusst und sicher: Der Standard bei Knoop BV | Knoop BV\",\"isPartOf\":{\"@id\":\"https:\/\/knoopbv.nl\/de\/#website\"},\"primaryImageOfPage\":{\"@id\":\"https:\/\/knoopbv.nl\/de\/umweltbewusstes-sicheres-arbeiten\/#primaryimage\"},\"image\":{\"@id\":\"https:\/\/knoopbv.nl\/de\/umweltbewusstes-sicheres-arbeiten\/#primaryimage\"},\"thumbnailUrl\":\"https:\/\/knoopbv.nl\/wp-content\/uploads\/2025\/03\/DJI_0009-1024x576.jpg\",\"datePublished\":\"2024-10-29T12:15:12+00:00\",\"dateModified\":\"2025-07-07T13:39:47+00:00\",\"description\":\"Bei Knoop BV arbeiten wir bewusst. Und das zeigt sich in den Initiativen f\u00fcr umweltbewusstes Arbeiten ebenso wie f\u00fcr sicheres Arbeiten f\u00fcr unsere Mitarbeiter\",\"breadcrumb\":{\"@id\":\"https:\/\/knoopbv.nl\/de\/umweltbewusstes-sicheres-arbeiten\/#breadcrumb\"},\"inLanguage\":\"de\",\"potentialAction\":[{\"@type\":\"ReadAction\",\"target\":[\"https:\/\/knoopbv.nl\/de\/umweltbewusstes-sicheres-arbeiten\/\"]}]},{\"@type\":\"ImageObject\",\"inLanguage\":\"de\",\"@id\":\"https:\/\/knoopbv.nl\/de\/umweltbewusstes-sicheres-arbeiten\/#primaryimage\",\"url\":\"https:\/\/knoopbv.nl\/wp-content\/uploads\/2025\/03\/DJI_0009-1024x576.jpg\",\"contentUrl\":\"https:\/\/knoopbv.nl\/wp-content\/uploads\/2025\/03\/DJI_0009-1024x576.jpg\"},{\"@type\":\"BreadcrumbList\",\"@id\":\"https:\/\/knoopbv.nl\/de\/umweltbewusstes-sicheres-arbeiten\/#breadcrumb\",\"itemListElement\":[{\"@type\":\"ListItem\",\"position\":1,\"name\":\"Home\",\"item\":\"https:\/\/knoopbv.nl\/de\/\"},{\"@type\":\"ListItem\",\"position\":2,\"name\":\"Umweltbewusstes &amp; sicheres Arbeiten\"}]},{\"@type\":\"WebSite\",\"@id\":\"https:\/\/knoopbv.nl\/de\/#website\",\"url\":\"https:\/\/knoopbv.nl\/de\/\",\"name\":\"Knoop BV\",\"description\":\"Ingenious for you\",\"publisher\":{\"@id\":\"https:\/\/knoopbv.nl\/de\/#organization\"},\"potentialAction\":[{\"@type\":\"SearchAction\",\"target\":{\"@type\":\"EntryPoint\",\"urlTemplate\":\"https:\/\/knoopbv.nl\/de\/?s={search_term_string}\"},\"query-input\":{\"@type\":\"PropertyValueSpecification\",\"valueRequired\":true,\"valueName\":\"search_term_string\"}}],\"inLanguage\":\"de\"},{\"@type\":\"Organization\",\"@id\":\"https:\/\/knoopbv.nl\/de\/#organization\",\"name\":\"Knoop BV\",\"url\":\"https:\/\/knoopbv.nl\/de\/\",\"logo\":{\"@type\":\"ImageObject\",\"inLanguage\":\"de\",\"@id\":\"https:\/\/knoopbv.nl\/de\/#\/schema\/logo\/image\/\",\"url\":\"https:\/\/knoopbv.nl\/wp-content\/uploads\/2025\/06\/cropped-knoop-logo-zonder-achtergrond.png\",\"contentUrl\":\"https:\/\/knoopbv.nl\/wp-content\/uploads\/2025\/06\/cropped-knoop-logo-zonder-achtergrond.png\",\"width\":512,\"height\":512,\"caption\":\"Knoop BV\"},\"image\":{\"@id\":\"https:\/\/knoopbv.nl\/de\/#\/schema\/logo\/image\/\"},\"sameAs\":[\"https:\/\/www.facebook.com\/knoopBV\",\"https:\/\/www.linkedin.com\/company\/knoop-baggerwerken-bv\/\",\"https:\/\/www.youtube.com\/@knoopbv5280\"]}]}<\/script>\n<!-- \/ Yoast SEO Premium plugin. -->","yoast_head_json":{"title":"Umweltbewusst und sicher: Der Standard bei Knoop BV | Knoop BV","description":"Bei Knoop BV arbeiten wir bewusst. Und das zeigt sich in den Initiativen f\u00fcr umweltbewusstes Arbeiten ebenso wie f\u00fcr sicheres Arbeiten f\u00fcr unsere Mitarbeiter","robots":{"index":"index","follow":"follow","max-snippet":"max-snippet:-1","max-image-preview":"max-image-preview:large","max-video-preview":"max-video-preview:-1"},"canonical":"https:\/\/knoopbv.nl\/de\/umweltbewusstes-sicheres-arbeiten\/","og_locale":"de_DE","og_type":"article","og_title":"Umweltbewusstes &amp; sicheres Arbeiten","og_description":"Bei Knoop BV arbeiten wir bewusst. Und das zeigt sich in den Initiativen f\u00fcr umweltbewusstes Arbeiten ebenso wie f\u00fcr sicheres Arbeiten f\u00fcr unsere Mitarbeiter","og_url":"https:\/\/knoopbv.nl\/de\/umweltbewusstes-sicheres-arbeiten\/","og_site_name":"KnoopBV","article_publisher":"https:\/\/www.facebook.com\/knoopBV","article_modified_time":"2025-07-07T13:39:47+00:00","og_image":[{"width":2560,"height":1440,"url":"https:\/\/knoopbv.nl\/wp-content\/uploads\/2025\/03\/DJI_0009-scaled.jpg","type":"image\/jpeg"}],"twitter_card":"summary_large_image","twitter_misc":{"Gesch\u00e4tzte Lesezeit":"2\u00a0Minuten"},"schema":{"@context":"https:\/\/schema.org","@graph":[{"@type":"WebPage","@id":"https:\/\/knoopbv.nl\/de\/umweltbewusstes-sicheres-arbeiten\/","url":"https:\/\/knoopbv.nl\/de\/umweltbewusstes-sicheres-arbeiten\/","name":"Umweltbewusst und sicher: Der Standard bei Knoop BV | Knoop BV","isPartOf":{"@id":"https:\/\/knoopbv.nl\/de\/#website"},"primaryImageOfPage":{"@id":"https:\/\/knoopbv.nl\/de\/umweltbewusstes-sicheres-arbeiten\/#primaryimage"},"image":{"@id":"https:\/\/knoopbv.nl\/de\/umweltbewusstes-sicheres-arbeiten\/#primaryimage"},"thumbnailUrl":"https:\/\/knoopbv.nl\/wp-content\/uploads\/2025\/03\/DJI_0009-1024x576.jpg","datePublished":"2024-10-29T12:15:12+00:00","dateModified":"2025-07-07T13:39:47+00:00","description":"Bei Knoop BV arbeiten wir bewusst. Und das zeigt sich in den Initiativen f\u00fcr umweltbewusstes Arbeiten ebenso wie f\u00fcr sicheres Arbeiten f\u00fcr unsere Mitarbeiter","breadcrumb":{"@id":"https:\/\/knoopbv.nl\/de\/umweltbewusstes-sicheres-arbeiten\/#breadcrumb"},"inLanguage":"de","potentialAction":[{"@type":"ReadAction","target":["https:\/\/knoopbv.nl\/de\/umweltbewusstes-sicheres-arbeiten\/"]}]},{"@type":"ImageObject","inLanguage":"de","@id":"https:\/\/knoopbv.nl\/de\/umweltbewusstes-sicheres-arbeiten\/#primaryimage","url":"https:\/\/knoopbv.nl\/wp-content\/uploads\/2025\/03\/DJI_0009-1024x576.jpg","contentUrl":"https:\/\/knoopbv.nl\/wp-content\/uploads\/2025\/03\/DJI_0009-1024x576.jpg"},{"@type":"BreadcrumbList","@id":"https:\/\/knoopbv.nl\/de\/umweltbewusstes-sicheres-arbeiten\/#breadcrumb","itemListElement":[{"@type":"ListItem","position":1,"name":"Home","item":"https:\/\/knoopbv.nl\/de\/"},{"@type":"ListItem","position":2,"name":"Umweltbewusstes &amp; sicheres Arbeiten"}]},{"@type":"WebSite","@id":"https:\/\/knoopbv.nl\/de\/#website","url":"https:\/\/knoopbv.nl\/de\/","name":"Knoop BV","description":"Ingenious for you","publisher":{"@id":"https:\/\/knoopbv.nl\/de\/#organization"},"potentialAction":[{"@type":"SearchAction","target":{"@type":"EntryPoint","urlTemplate":"https:\/\/knoopbv.nl\/de\/?s={search_term_string}"},"query-input":{"@type":"PropertyValueSpecification","valueRequired":true,"valueName":"search_term_string"}}],"inLanguage":"de"},{"@type":"Organization","@id":"https:\/\/knoopbv.nl\/de\/#organization","name":"Knoop BV","url":"https:\/\/knoopbv.nl\/de\/","logo":{"@type":"ImageObject","inLanguage":"de","@id":"https:\/\/knoopbv.nl\/de\/#\/schema\/logo\/image\/","url":"https:\/\/knoopbv.nl\/wp-content\/uploads\/2025\/06\/cropped-knoop-logo-zonder-achtergrond.png","contentUrl":"https:\/\/knoopbv.nl\/wp-content\/uploads\/2025\/06\/cropped-knoop-logo-zonder-achtergrond.png","width":512,"height":512,"caption":"Knoop BV"},"image":{"@id":"https:\/\/knoopbv.nl\/de\/#\/schema\/logo\/image\/"},"sameAs":["https:\/\/www.facebook.com\/knoopBV","https:\/\/www.linkedin.com\/company\/knoop-baggerwerken-bv\/","https:\/\/www.youtube.com\/@knoopbv5280"]}]}},"_links":{"self":[{"href":"https:\/\/knoopbv.nl\/de\/wp-json\/wp\/v2\/pages\/7237","targetHints":{"allow":["GET"]}}],"collection":[{"href":"https:\/\/knoopbv.nl\/de\/wp-json\/wp\/v2\/pages"}],"about":[{"href":"https:\/\/knoopbv.nl\/de\/wp-json\/wp\/v2\/types\/page"}],"author":[{"embeddable":true,"href":"https:\/\/knoopbv.nl\/de\/wp-json\/wp\/v2\/users\/1"}],"replies":[{"embeddable":true,"href":"https:\/\/knoopbv.nl\/de\/wp-json\/wp\/v2\/comments?post=7237"}],"version-history":[{"count":4,"href":"https:\/\/knoopbv.nl\/de\/wp-json\/wp\/v2\/pages\/7237\/revisions"}],"predecessor-version":[{"id":9134,"href":"https:\/\/knoopbv.nl\/de\/wp-json\/wp\/v2\/pages\/7237\/revisions\/9134"}],"wp:attachment":[{"href":"https:\/\/knoopbv.nl\/de\/wp-json\/wp\/v2\/media?parent=7237"}],"curies":[{"name":"wp","href":"https:\/\/api.w.org\/{rel}","templated":true}]}}