{"id":7227,"date":"2025-02-12T09:26:40","date_gmt":"2025-02-12T09:26:40","guid":{"rendered":"https:\/\/knpbv.nl\/es-trin\/"},"modified":"2026-05-12T13:10:20","modified_gmt":"2026-05-12T13:10:20","slug":"es-trin","status":"publish","type":"page","link":"https:\/\/knoopbv.nl\/de\/es-trin\/","title":{"rendered":"ES-TRIN"},"content":{"rendered":"\t\t<div data-elementor-type=\"wp-page\" data-elementor-id=\"7227\" class=\"elementor elementor-7227\" data-elementor-post-type=\"page\">\n\t\t\t\t<div class=\"elementor-element elementor-element-fee48ab e-flex e-con-boxed e-con e-parent\" data-id=\"fee48ab\" data-element_type=\"container\" data-e-type=\"container\" data-settings=\"{&quot;background_background&quot;:&quot;classic&quot;}\">\n\t\t\t\t\t<div class=\"e-con-inner\">\n\t\t<div class=\"elementor-element elementor-element-4e9d587 e-con-full e-flex e-con e-child\" data-id=\"4e9d587\" data-element_type=\"container\" data-e-type=\"container\">\n\t\t\t\t<div class=\"elementor-element elementor-element-a263582 elementor-widget elementor-widget-heading\" data-id=\"a263582\" data-element_type=\"widget\" data-e-type=\"widget\" data-widget_type=\"heading.default\">\n\t\t\t\t<div class=\"elementor-widget-container\">\n\t\t\t\t\t<h1 class=\"elementor-heading-title elementor-size-default\">ES-TRIN<\/h1>\t\t\t\t<\/div>\n\t\t\t\t<\/div>\n\t\t\t\t<\/div>\n\t\t\t\t\t<\/div>\n\t\t\t\t<\/div>\n\t\t<div class=\"elementor-element elementor-element-425770e e-flex e-con-boxed e-con e-parent\" data-id=\"425770e\" data-element_type=\"container\" data-e-type=\"container\">\n\t\t\t\t\t<div class=\"e-con-inner\">\n\t\t<div class=\"elementor-element elementor-element-2993ffe e-con-full e-flex e-con e-child\" data-id=\"2993ffe\" data-element_type=\"container\" data-e-type=\"container\">\n\t\t<div class=\"elementor-element elementor-element-b800bfa e-con-full e-flex e-con e-child\" data-id=\"b800bfa\" data-element_type=\"container\" data-e-type=\"container\" data-settings=\"{&quot;background_background&quot;:&quot;classic&quot;}\">\n\t\t\t\t<div class=\"elementor-element elementor-element-e0a99ce elementor-widget elementor-widget-heading\" data-id=\"e0a99ce\" data-element_type=\"widget\" data-e-type=\"widget\" data-widget_type=\"heading.default\">\n\t\t\t\t<div class=\"elementor-widget-container\">\n\t\t\t\t\t<h2 class=\"elementor-heading-title elementor-size-default\">Zertifizierung von schwimmenden Ger\u00e4ten<\/h2>\t\t\t\t<\/div>\n\t\t\t\t<\/div>\n\t\t\t\t<\/div>\n\t\t\t\t<div class=\"elementor-element elementor-element-aedee7e elementor-widget elementor-widget-text-editor\" data-id=\"aedee7e\" data-element_type=\"widget\" data-e-type=\"widget\" data-widget_type=\"text-editor.default\">\n\t\t\t\t<div class=\"elementor-widget-container\">\n\t\t\t\t\t\t\t\t\t<p><strong>Viele Menschen sind noch nicht mit ES-TRIN vertraut, einem wichtigen europ\u00e4ischen Standard f\u00fcr schwimmende Wasserfahrzeuge. Seit 2021 ist an vielen Orten in Europa ein ES-TRIN-Zertifikat vorgeschrieben, um die Sicherheit und Stabilit\u00e4t dieser Wasserfahrzeuge nachzuweisen. <\/strong><\/p>\t\t\t\t\t\t\t\t<\/div>\n\t\t\t\t<\/div>\n\t\t\t\t<div class=\"elementor-element elementor-element-8dad4a6 elementor-widget elementor-widget-text-editor\" data-id=\"8dad4a6\" data-element_type=\"widget\" data-e-type=\"widget\" data-widget_type=\"text-editor.default\">\n\t\t\t\t<div class=\"elementor-widget-container\">\n\t\t\t\t\t\t\t\t\t<p>Auch Amphibienbagger fallen unter die Kategorie der schwimmenden Wasserfahrzeuge. Das bedeutet, dass wir verpflichtet sind, die<span style=\"color: #000000;\"><a style=\"color: #000000;\" href=\"https:\/\/www.cesni.eu\/en\/technical-requirements\/\" target=\"_blank\" rel=\"noopener\"><span style=\"text-decoration: underline;\"><strong> ES-TRIN<\/strong>-Vorschriften <\/span><\/a><\/span>einzuhalten, wenn Knoop B.V. mit seiner Flotte von Waterking-Baggern in diesen Gew\u00e4ssern t\u00e4tig ist. Sicherheit steht bei uns an erster Stelle, sowohl f\u00fcr unsere Maschinenf\u00fchrer als auch f\u00fcr unsere Ausr\u00fcstung. Aus diesem Grund haben wir 2021 damit begonnen, unsere Flotte von Waterking-Baggern zertifizieren zu lassen.   <\/p>\t\t\t\t\t\t\t\t<\/div>\n\t\t\t\t<\/div>\n\t\t\t\t<div class=\"elementor-element elementor-element-2f9e845 elementor-hidden-desktop elementor-hidden-tablet elementor-hidden-mobile elementor-widget elementor-widget-text-editor\" data-id=\"2f9e845\" data-element_type=\"widget\" data-e-type=\"widget\" data-widget_type=\"text-editor.default\">\n\t\t\t\t<div class=\"elementor-widget-container\">\n\t\t\t\t\t\t\t\t\t<p><em>M\u00f6chten Sie alle Informationen auf einen Blick? Dann laden Sie unser Factsheet herunter! <\/em><\/p>\t\t\t\t\t\t\t\t<\/div>\n\t\t\t\t<\/div>\n\t\t\t\t<div class=\"elementor-element elementor-element-4de8585 elementor-button-success elementor-hidden-desktop elementor-hidden-tablet elementor-hidden-mobile elementor-widget elementor-widget-button\" data-id=\"4de8585\" data-element_type=\"widget\" data-e-type=\"widget\" data-widget_type=\"button.default\">\n\t\t\t\t<div class=\"elementor-widget-container\">\n\t\t\t\t\t\t\t\t\t<div class=\"elementor-button-wrapper\">\n\t\t\t\t\t<a class=\"elementor-button elementor-button-link elementor-size-sm\" href=\"https:\/\/knoopbv.nl\/wp-content\/uploads\/2025\/03\/ES-TRIn-factsheet.pdf\" target=\"_blank\" rel=\"nofollow\" download=\"ESTRIN Factsheet.pdf\">\n\t\t\t\t\t\t<span class=\"elementor-button-content-wrapper\">\n\t\t\t\t\t\t<span class=\"elementor-button-icon\">\n\t\t\t\t<svg aria-hidden=\"true\" class=\"e-font-icon-svg e-fas-file-download\" viewBox=\"0 0 384 512\" xmlns=\"http:\/\/www.w3.org\/2000\/svg\"><path d=\"M224 136V0H24C10.7 0 0 10.7 0 24v464c0 13.3 10.7 24 24 24h336c13.3 0 24-10.7 24-24V160H248c-13.2 0-24-10.8-24-24zm76.45 211.36l-96.42 95.7c-6.65 6.61-17.39 6.61-24.04 0l-96.42-95.7C73.42 337.29 80.54 320 94.82 320H160v-80c0-8.84 7.16-16 16-16h32c8.84 0 16 7.16 16 16v80h65.18c14.28 0 21.4 17.29 11.27 27.36zM377 105L279.1 7c-4.5-4.5-10.6-7-17-7H256v128h128v-6.1c0-6.3-2.5-12.4-7-16.9z\"><\/path><\/svg>\t\t\t<\/span>\n\t\t\t\t\t\t\t\t\t<span class=\"elementor-button-text\">Download<\/span>\n\t\t\t\t\t<\/span>\n\t\t\t\t\t<\/a>\n\t\t\t\t<\/div>\n\t\t\t\t\t\t\t\t<\/div>\n\t\t\t\t<\/div>\n\t\t\t\t<div class=\"elementor-element elementor-element-a62d7d4 elementor-widget elementor-widget-spacer\" data-id=\"a62d7d4\" data-element_type=\"widget\" data-e-type=\"widget\" data-widget_type=\"spacer.default\">\n\t\t\t\t<div class=\"elementor-widget-container\">\n\t\t\t\t\t\t\t<div class=\"elementor-spacer\">\n\t\t\t<div class=\"elementor-spacer-inner\"><\/div>\n\t\t<\/div>\n\t\t\t\t\t\t<\/div>\n\t\t\t\t<\/div>\n\t\t\t\t<div class=\"elementor-element elementor-element-20b2169 elementor-widget elementor-widget-heading\" data-id=\"20b2169\" data-element_type=\"widget\" data-e-type=\"widget\" data-widget_type=\"heading.default\">\n\t\t\t\t<div class=\"elementor-widget-container\">\n\t\t\t\t\t<h2 class=\"elementor-heading-title elementor-size-default\">Was ist ES-TRIN und woher kommt dieser Standard?<\/h2>\t\t\t\t<\/div>\n\t\t\t\t<\/div>\n\t\t\t\t<div class=\"elementor-element elementor-element-9995a2f elementor-widget elementor-widget-text-editor\" data-id=\"9995a2f\" data-element_type=\"widget\" data-e-type=\"widget\" data-widget_type=\"text-editor.default\">\n\t\t\t\t<div class=\"elementor-widget-container\">\n\t\t\t\t\t\t\t\t\t<p>ES-TRIN ist ein Standard, der die Anforderungen an schwimmende Ger\u00e4te und Wasserfahrzeuge festlegt, damit sie auf bestimmten <strong>europ\u00e4ischen Binnengew\u00e4ssern<\/strong> fahren und betrieben werden d\u00fcrfen. Ohne ES-TRIN-Zertifikat ist es nicht gestattet, Arbeiten auf diesen Binnengew\u00e4ssern durchzuf\u00fchren. <\/p>\t\t\t\t\t\t\t\t<\/div>\n\t\t\t\t<\/div>\n\t\t\t\t<div class=\"elementor-element elementor-element-8f736ec elementor-widget elementor-widget-heading\" data-id=\"8f736ec\" data-element_type=\"widget\" data-e-type=\"widget\" data-widget_type=\"heading.default\">\n\t\t\t\t<div class=\"elementor-widget-container\">\n\t\t\t\t\t<h2 class=\"elementor-heading-title elementor-size-default\">Wo ist ES-TRIN vorgeschrieben?<\/h2>\t\t\t\t<\/div>\n\t\t\t\t<\/div>\n\t\t\t\t<div class=\"elementor-element elementor-element-f59ce06 elementor-widget elementor-widget-text-editor\" data-id=\"f59ce06\" data-element_type=\"widget\" data-e-type=\"widget\" data-widget_type=\"text-editor.default\">\n\t\t\t\t<div class=\"elementor-widget-container\">\n\t\t\t\t\t\t\t\t\t<p>Die ES-TRIN-Vorschriften gelten f\u00fcr viele europ\u00e4ische Binnengew\u00e4sser. Auf abgeschlossenen Gew\u00e4ssern, wie Sandgruben oder Gr\u00e4ben zwischen Wiesen, ist eine Zertifizierung nicht vorgeschrieben. Es wird jedoch dringend empfohlen, ES-TRIN-zertifizierte Ausr\u00fcstung zu verwenden, da dadurch die Sicherheit und Stabilit\u00e4t erheblich verbessert werden.   <\/p><p>Neben dem optischen Unterschied zwischen einem zertifizierten und einem nicht zertifizierten schwimmenden Ger\u00e4t bietet ES-TRIN noch weitere Vorteile: <\/p><ul><li><strong>Breite Einsetzbarkeit<\/strong> &#8211; Eine ES-TRIN-zertifizierte Maschine darf nach ihrer Klassifizierung auf allen Binnengew\u00e4ssern betrieben werden. Nicht zertifizierte Ausr\u00fcstung darf nur auf abgeschlossenen Gew\u00e4ssern, wie z. B. Sandgruben, verwendet werden. <\/li><li><strong>Erh\u00f6hte Sicherheit <\/strong>&#8211; Aufgrund der verbesserten Stabilit\u00e4t der gr\u00f6\u00dferen Seitenpontons und Zwischenpontons ist die Unfallgefahr geringer. Dar\u00fcber hinaus verringert ein Sicherheitsgel\u00e4nder das Risiko, dass ein Maschinenf\u00fchrer \u00fcber Bord geht. <\/li><li><strong>Mehr Effizienz<\/strong> &#8211; Bessere Stabilit\u00e4t und Sicherheit sorgen f\u00fcr mehr Effizienz bei der Arbeit und verringern das Risiko von Sch\u00e4den oder Ausfallzeiten.<\/li><\/ul>\t\t\t\t\t\t\t\t<\/div>\n\t\t\t\t<\/div>\n\t\t\t\t<div class=\"elementor-element elementor-element-232b01d elementor-widget elementor-widget-spacer\" data-id=\"232b01d\" data-element_type=\"widget\" data-e-type=\"widget\" data-widget_type=\"spacer.default\">\n\t\t\t\t<div class=\"elementor-widget-container\">\n\t\t\t\t\t\t\t<div class=\"elementor-spacer\">\n\t\t\t<div class=\"elementor-spacer-inner\"><\/div>\n\t\t<\/div>\n\t\t\t\t\t\t<\/div>\n\t\t\t\t<\/div>\n\t\t\t\t<\/div>\n\t\t<div class=\"elementor-element elementor-element-ade73bc e-con-full e-flex e-con e-child\" data-id=\"ade73bc\" data-element_type=\"container\" data-e-type=\"container\">\n\t\t\t\t<div class=\"elementor-element elementor-element-bdcd6e3 elementor-widget elementor-widget-spacer\" data-id=\"bdcd6e3\" data-element_type=\"widget\" data-e-type=\"widget\" data-widget_type=\"spacer.default\">\n\t\t\t\t<div class=\"elementor-widget-container\">\n\t\t\t\t\t\t\t<div class=\"elementor-spacer\">\n\t\t\t<div class=\"elementor-spacer-inner\"><\/div>\n\t\t<\/div>\n\t\t\t\t\t\t<\/div>\n\t\t\t\t<\/div>\n\t\t\t\t<div class=\"elementor-element elementor-element-52334be elementor-widget elementor-widget-spacer\" data-id=\"52334be\" data-element_type=\"widget\" data-e-type=\"widget\" data-widget_type=\"spacer.default\">\n\t\t\t\t<div class=\"elementor-widget-container\">\n\t\t\t\t\t\t\t<div class=\"elementor-spacer\">\n\t\t\t<div class=\"elementor-spacer-inner\"><\/div>\n\t\t<\/div>\n\t\t\t\t\t\t<\/div>\n\t\t\t\t<\/div>\n\t\t\t\t<div class=\"elementor-element elementor-element-03b44e8 elementor-widget elementor-widget-image\" data-id=\"03b44e8\" data-element_type=\"widget\" data-e-type=\"widget\" data-widget_type=\"image.default\">\n\t\t\t\t<div class=\"elementor-widget-container\">\n\t\t\t\t\t\t\t\t\t\t\t\t\t\t\t<img fetchpriority=\"high\" decoding=\"async\" width=\"2048\" height=\"1176\" src=\"https:\/\/knoopbv.nl\/wp-content\/uploads\/2025\/03\/Graafmachine-ES-TRIN-3d-2048x1176.png\" class=\"attachment-2048x2048 size-2048x2048 wp-image-6070\" alt=\"Lijntekeningen van ESTRIN gecertificeerde machine WK220 Waterking Amfibische Graafmachine\" srcset=\"https:\/\/knoopbv.nl\/wp-content\/uploads\/2025\/03\/Graafmachine-ES-TRIN-3d-2048x1176.png 2048w, https:\/\/knoopbv.nl\/wp-content\/uploads\/2025\/03\/Graafmachine-ES-TRIN-3d-300x172.png 300w, https:\/\/knoopbv.nl\/wp-content\/uploads\/2025\/03\/Graafmachine-ES-TRIN-3d-1024x588.png 1024w, https:\/\/knoopbv.nl\/wp-content\/uploads\/2025\/03\/Graafmachine-ES-TRIN-3d-768x441.png 768w, https:\/\/knoopbv.nl\/wp-content\/uploads\/2025\/03\/Graafmachine-ES-TRIN-3d-1536x882.png 1536w\" sizes=\"(max-width: 2048px) 100vw, 2048px\" \/>\t\t\t\t\t\t\t\t\t\t\t\t\t\t\t<\/div>\n\t\t\t\t<\/div>\n\t\t\t\t<div class=\"elementor-element elementor-element-e17f970 elementor-widget elementor-widget-image\" data-id=\"e17f970\" data-element_type=\"widget\" data-e-type=\"widget\" data-widget_type=\"image.default\">\n\t\t\t\t<div class=\"elementor-widget-container\">\n\t\t\t\t\t\t\t\t\t\t\t\t\t\t\t<img decoding=\"async\" width=\"800\" height=\"871\" src=\"https:\/\/knoopbv.nl\/wp-content\/uploads\/2025\/03\/Es-trin_gecetificeerd_vs_non-02-e1741541733638-941x1024.png\" class=\"attachment-large size-large wp-image-6058\" alt=\"Lijntekeningen van ESTRIN vs Non-ESTRIN gecertificeerde machines Waterking Amfibische Graafmachines - boven een vooraanzicht\" srcset=\"https:\/\/knoopbv.nl\/wp-content\/uploads\/2025\/03\/Es-trin_gecetificeerd_vs_non-02-e1741541733638-941x1024.png 941w, https:\/\/knoopbv.nl\/wp-content\/uploads\/2025\/03\/Es-trin_gecetificeerd_vs_non-02-e1741541733638-276x300.png 276w, https:\/\/knoopbv.nl\/wp-content\/uploads\/2025\/03\/Es-trin_gecetificeerd_vs_non-02-e1741541733638-768x836.png 768w, https:\/\/knoopbv.nl\/wp-content\/uploads\/2025\/03\/Es-trin_gecetificeerd_vs_non-02-e1741541733638-1411x1536.png 1411w, https:\/\/knoopbv.nl\/wp-content\/uploads\/2025\/03\/Es-trin_gecetificeerd_vs_non-02-e1741541733638-1881x2048.png 1881w\" sizes=\"(max-width: 800px) 100vw, 800px\" \/>\t\t\t\t\t\t\t\t\t\t\t\t\t\t\t<\/div>\n\t\t\t\t<\/div>\n\t\t\t\t<\/div>\n\t\t\t\t\t<\/div>\n\t\t\t\t<\/div>\n\t\t<div class=\"elementor-element elementor-element-726dcd8 elementor-hidden-desktop elementor-hidden-tablet elementor-hidden-mobile e-flex e-con-boxed e-con e-parent\" data-id=\"726dcd8\" data-element_type=\"container\" data-e-type=\"container\">\n\t\t\t\t\t<div class=\"e-con-inner\">\n\t\t\t\t<div class=\"elementor-element elementor-element-f53e6f9 elementor-widget elementor-widget-image\" data-id=\"f53e6f9\" data-element_type=\"widget\" data-e-type=\"widget\" data-widget_type=\"image.default\">\n\t\t\t\t<div class=\"elementor-widget-container\">\n\t\t\t\t\t\t\t\t\t\t\t\t\t\t\t<img decoding=\"async\" width=\"800\" height=\"973\" src=\"https:\/\/knoopbv.nl\/wp-content\/uploads\/2025\/03\/EU-map-ES-TRIN-842x1024.png\" class=\"attachment-large size-large wp-image-6067\" alt=\"Lijntekeningen van ESTRIN verplichte gebieden in Europa voor vaartuigen, extra aanduiding rivier de Rijn\" srcset=\"https:\/\/knoopbv.nl\/wp-content\/uploads\/2025\/03\/EU-map-ES-TRIN-842x1024.png 842w, https:\/\/knoopbv.nl\/wp-content\/uploads\/2025\/03\/EU-map-ES-TRIN-247x300.png 247w, https:\/\/knoopbv.nl\/wp-content\/uploads\/2025\/03\/EU-map-ES-TRIN-768x934.png 768w, https:\/\/knoopbv.nl\/wp-content\/uploads\/2025\/03\/EU-map-ES-TRIN-1263x1536.png 1263w, https:\/\/knoopbv.nl\/wp-content\/uploads\/2025\/03\/EU-map-ES-TRIN.png 1571w\" sizes=\"(max-width: 800px) 100vw, 800px\" \/>\t\t\t\t\t\t\t\t\t\t\t\t\t\t\t<\/div>\n\t\t\t\t<\/div>\n\t\t\t\t\t<\/div>\n\t\t\t\t<\/div>\n\t\t<div class=\"elementor-element elementor-element-1384cfe e-flex e-con-boxed e-con e-parent\" data-id=\"1384cfe\" data-element_type=\"container\" data-e-type=\"container\">\n\t\t\t\t\t<div class=\"e-con-inner\">\n\t\t\t\t<div class=\"elementor-element elementor-element-e50d354 elementor-widget elementor-widget-spacer\" data-id=\"e50d354\" data-element_type=\"widget\" data-e-type=\"widget\" data-widget_type=\"spacer.default\">\n\t\t\t\t<div class=\"elementor-widget-container\">\n\t\t\t\t\t\t\t<div class=\"elementor-spacer\">\n\t\t\t<div class=\"elementor-spacer-inner\"><\/div>\n\t\t<\/div>\n\t\t\t\t\t\t<\/div>\n\t\t\t\t<\/div>\n\t\t\t\t\t<\/div>\n\t\t\t\t<\/div>\n\t\t<div class=\"elementor-element elementor-element-4c9f690 e-flex e-con-boxed e-con e-parent\" data-id=\"4c9f690\" data-element_type=\"container\" data-e-type=\"container\">\n\t\t\t\t\t<div class=\"e-con-inner\">\n\t\t\t\t<div class=\"elementor-element elementor-element-9cce562 elementor-widget elementor-widget-spacer\" data-id=\"9cce562\" data-element_type=\"widget\" data-e-type=\"widget\" data-widget_type=\"spacer.default\">\n\t\t\t\t<div class=\"elementor-widget-container\">\n\t\t\t\t\t\t\t<div class=\"elementor-spacer\">\n\t\t\t<div class=\"elementor-spacer-inner\"><\/div>\n\t\t<\/div>\n\t\t\t\t\t\t<\/div>\n\t\t\t\t<\/div>\n\t\t\t\t\t<\/div>\n\t\t\t\t<\/div>\n\t\t\t\t<\/div>\n\t\t","protected":false},"excerpt":{"rendered":"<p>ES-TRIN Zertifizierung von schwimmenden Ger\u00e4ten Viele Menschen sind noch nicht mit ES-TRIN vertraut, einem wichtigen europ\u00e4ischen Standard f\u00fcr schwimmende Wasserfahrzeuge. Seit 2021 ist an vielen Orten in Europa ein ES-TRIN-Zertifikat vorgeschrieben, um die Sicherheit und Stabilit\u00e4t dieser Wasserfahrzeuge nachzuweisen. Auch Amphibienbagger fallen unter die Kategorie der schwimmenden Wasserfahrzeuge. Das bedeutet, dass wir verpflichtet sind, die [&hellip;]<\/p>\n","protected":false},"author":1,"featured_media":0,"parent":0,"menu_order":0,"comment_status":"closed","ping_status":"closed","template":"elementor_header_footer","meta":{"footnotes":""},"class_list":["post-7227","page","type-page","status-publish","hentry"],"yoast_head":"<!-- This site is optimized with the Yoast SEO Premium plugin v25.4 (Yoast SEO v25.4) - https:\/\/yoast.com\/wordpress\/plugins\/seo\/ -->\n<title>ES-TRIN: Vorteile der Zertifizierung f\u00fcr Schiffe | Knoop BV<\/title>\n<meta name=\"description\" content=\"ES-TRIN einfach erkl\u00e4rt: Vorschriften f\u00fcr Arbeitsschiffe, Vorteile f\u00fcr Sicherheit, Maschinen und Personal. Erfahren Sie die wichtigsten Effekte!\" \/>\n<meta name=\"robots\" content=\"index, follow, max-snippet:-1, max-image-preview:large, max-video-preview:-1\" \/>\n<link rel=\"canonical\" href=\"https:\/\/knoopbv.nl\/de\/es-trin\/\" \/>\n<meta property=\"og:locale\" content=\"de_DE\" \/>\n<meta property=\"og:type\" content=\"article\" \/>\n<meta property=\"og:title\" content=\"ES-TRIN\" \/>\n<meta property=\"og:description\" content=\"ES-TRIN einfach erkl\u00e4rt: Vorschriften f\u00fcr Arbeitsschiffe, Vorteile f\u00fcr Sicherheit, Maschinen und Personal. Erfahren Sie die wichtigsten Effekte!\" \/>\n<meta property=\"og:url\" content=\"https:\/\/knoopbv.nl\/de\/es-trin\/\" \/>\n<meta property=\"og:site_name\" content=\"KnoopBV\" \/>\n<meta property=\"article:publisher\" content=\"https:\/\/www.facebook.com\/knoopBV\" \/>\n<meta property=\"article:modified_time\" content=\"2026-05-12T13:10:20+00:00\" \/>\n<meta property=\"og:image\" content=\"https:\/\/knoopbv.nl\/wp-content\/uploads\/2025\/03\/Graafmachine-ES-TRIN-3d.png\" \/>\n\t<meta property=\"og:image:width\" content=\"2317\" \/>\n\t<meta property=\"og:image:height\" content=\"1330\" \/>\n\t<meta property=\"og:image:type\" content=\"image\/png\" \/>\n<meta name=\"twitter:card\" content=\"summary_large_image\" \/>\n<meta name=\"twitter:label1\" content=\"Gesch\u00e4tzte Lesezeit\" \/>\n\t<meta name=\"twitter:data1\" content=\"2\u00a0Minuten\" \/>\n<script type=\"application\/ld+json\" class=\"yoast-schema-graph\">{\"@context\":\"https:\/\/schema.org\",\"@graph\":[{\"@type\":\"WebPage\",\"@id\":\"https:\/\/knoopbv.nl\/de\/es-trin\/\",\"url\":\"https:\/\/knoopbv.nl\/de\/es-trin\/\",\"name\":\"ES-TRIN: Vorteile der Zertifizierung f\u00fcr Schiffe | Knoop BV\",\"isPartOf\":{\"@id\":\"https:\/\/knoopbv.nl\/de\/#website\"},\"primaryImageOfPage\":{\"@id\":\"https:\/\/knoopbv.nl\/de\/es-trin\/#primaryimage\"},\"image\":{\"@id\":\"https:\/\/knoopbv.nl\/de\/es-trin\/#primaryimage\"},\"thumbnailUrl\":\"https:\/\/knoopbv.nl\/wp-content\/uploads\/2025\/03\/Graafmachine-ES-TRIN-3d-2048x1176.png\",\"datePublished\":\"2025-02-12T09:26:40+00:00\",\"dateModified\":\"2026-05-12T13:10:20+00:00\",\"description\":\"ES-TRIN einfach erkl\u00e4rt: Vorschriften f\u00fcr Arbeitsschiffe, Vorteile f\u00fcr Sicherheit, Maschinen und Personal. Erfahren Sie die wichtigsten Effekte!\",\"breadcrumb\":{\"@id\":\"https:\/\/knoopbv.nl\/de\/es-trin\/#breadcrumb\"},\"inLanguage\":\"de\",\"potentialAction\":[{\"@type\":\"ReadAction\",\"target\":[\"https:\/\/knoopbv.nl\/de\/es-trin\/\"]}]},{\"@type\":\"ImageObject\",\"inLanguage\":\"de\",\"@id\":\"https:\/\/knoopbv.nl\/de\/es-trin\/#primaryimage\",\"url\":\"https:\/\/knoopbv.nl\/wp-content\/uploads\/2025\/03\/Graafmachine-ES-TRIN-3d-2048x1176.png\",\"contentUrl\":\"https:\/\/knoopbv.nl\/wp-content\/uploads\/2025\/03\/Graafmachine-ES-TRIN-3d-2048x1176.png\"},{\"@type\":\"BreadcrumbList\",\"@id\":\"https:\/\/knoopbv.nl\/de\/es-trin\/#breadcrumb\",\"itemListElement\":[{\"@type\":\"ListItem\",\"position\":1,\"name\":\"Home\",\"item\":\"https:\/\/knoopbv.nl\/de\/\"},{\"@type\":\"ListItem\",\"position\":2,\"name\":\"ES-TRIN\"}]},{\"@type\":\"WebSite\",\"@id\":\"https:\/\/knoopbv.nl\/de\/#website\",\"url\":\"https:\/\/knoopbv.nl\/de\/\",\"name\":\"Knoop BV\",\"description\":\"Ingenious for you\",\"publisher\":{\"@id\":\"https:\/\/knoopbv.nl\/de\/#organization\"},\"potentialAction\":[{\"@type\":\"SearchAction\",\"target\":{\"@type\":\"EntryPoint\",\"urlTemplate\":\"https:\/\/knoopbv.nl\/de\/?s={search_term_string}\"},\"query-input\":{\"@type\":\"PropertyValueSpecification\",\"valueRequired\":true,\"valueName\":\"search_term_string\"}}],\"inLanguage\":\"de\"},{\"@type\":\"Organization\",\"@id\":\"https:\/\/knoopbv.nl\/de\/#organization\",\"name\":\"Knoop BV\",\"url\":\"https:\/\/knoopbv.nl\/de\/\",\"logo\":{\"@type\":\"ImageObject\",\"inLanguage\":\"de\",\"@id\":\"https:\/\/knoopbv.nl\/de\/#\/schema\/logo\/image\/\",\"url\":\"https:\/\/knoopbv.nl\/wp-content\/uploads\/2025\/06\/cropped-knoop-logo-zonder-achtergrond.png\",\"contentUrl\":\"https:\/\/knoopbv.nl\/wp-content\/uploads\/2025\/06\/cropped-knoop-logo-zonder-achtergrond.png\",\"width\":512,\"height\":512,\"caption\":\"Knoop BV\"},\"image\":{\"@id\":\"https:\/\/knoopbv.nl\/de\/#\/schema\/logo\/image\/\"},\"sameAs\":[\"https:\/\/www.facebook.com\/knoopBV\",\"https:\/\/www.linkedin.com\/company\/knoop-baggerwerken-bv\/\",\"https:\/\/www.youtube.com\/@knoopbv5280\"]}]}<\/script>\n<!-- \/ Yoast SEO Premium plugin. -->","yoast_head_json":{"title":"ES-TRIN: Vorteile der Zertifizierung f\u00fcr Schiffe | Knoop BV","description":"ES-TRIN einfach erkl\u00e4rt: Vorschriften f\u00fcr Arbeitsschiffe, Vorteile f\u00fcr Sicherheit, Maschinen und Personal. Erfahren Sie die wichtigsten Effekte!","robots":{"index":"index","follow":"follow","max-snippet":"max-snippet:-1","max-image-preview":"max-image-preview:large","max-video-preview":"max-video-preview:-1"},"canonical":"https:\/\/knoopbv.nl\/de\/es-trin\/","og_locale":"de_DE","og_type":"article","og_title":"ES-TRIN","og_description":"ES-TRIN einfach erkl\u00e4rt: Vorschriften f\u00fcr Arbeitsschiffe, Vorteile f\u00fcr Sicherheit, Maschinen und Personal. Erfahren Sie die wichtigsten Effekte!","og_url":"https:\/\/knoopbv.nl\/de\/es-trin\/","og_site_name":"KnoopBV","article_publisher":"https:\/\/www.facebook.com\/knoopBV","article_modified_time":"2026-05-12T13:10:20+00:00","og_image":[{"width":2317,"height":1330,"url":"https:\/\/knoopbv.nl\/wp-content\/uploads\/2025\/03\/Graafmachine-ES-TRIN-3d.png","type":"image\/png"}],"twitter_card":"summary_large_image","twitter_misc":{"Gesch\u00e4tzte Lesezeit":"2\u00a0Minuten"},"schema":{"@context":"https:\/\/schema.org","@graph":[{"@type":"WebPage","@id":"https:\/\/knoopbv.nl\/de\/es-trin\/","url":"https:\/\/knoopbv.nl\/de\/es-trin\/","name":"ES-TRIN: Vorteile der Zertifizierung f\u00fcr Schiffe | Knoop BV","isPartOf":{"@id":"https:\/\/knoopbv.nl\/de\/#website"},"primaryImageOfPage":{"@id":"https:\/\/knoopbv.nl\/de\/es-trin\/#primaryimage"},"image":{"@id":"https:\/\/knoopbv.nl\/de\/es-trin\/#primaryimage"},"thumbnailUrl":"https:\/\/knoopbv.nl\/wp-content\/uploads\/2025\/03\/Graafmachine-ES-TRIN-3d-2048x1176.png","datePublished":"2025-02-12T09:26:40+00:00","dateModified":"2026-05-12T13:10:20+00:00","description":"ES-TRIN einfach erkl\u00e4rt: Vorschriften f\u00fcr Arbeitsschiffe, Vorteile f\u00fcr Sicherheit, Maschinen und Personal. Erfahren Sie die wichtigsten Effekte!","breadcrumb":{"@id":"https:\/\/knoopbv.nl\/de\/es-trin\/#breadcrumb"},"inLanguage":"de","potentialAction":[{"@type":"ReadAction","target":["https:\/\/knoopbv.nl\/de\/es-trin\/"]}]},{"@type":"ImageObject","inLanguage":"de","@id":"https:\/\/knoopbv.nl\/de\/es-trin\/#primaryimage","url":"https:\/\/knoopbv.nl\/wp-content\/uploads\/2025\/03\/Graafmachine-ES-TRIN-3d-2048x1176.png","contentUrl":"https:\/\/knoopbv.nl\/wp-content\/uploads\/2025\/03\/Graafmachine-ES-TRIN-3d-2048x1176.png"},{"@type":"BreadcrumbList","@id":"https:\/\/knoopbv.nl\/de\/es-trin\/#breadcrumb","itemListElement":[{"@type":"ListItem","position":1,"name":"Home","item":"https:\/\/knoopbv.nl\/de\/"},{"@type":"ListItem","position":2,"name":"ES-TRIN"}]},{"@type":"WebSite","@id":"https:\/\/knoopbv.nl\/de\/#website","url":"https:\/\/knoopbv.nl\/de\/","name":"Knoop BV","description":"Ingenious for you","publisher":{"@id":"https:\/\/knoopbv.nl\/de\/#organization"},"potentialAction":[{"@type":"SearchAction","target":{"@type":"EntryPoint","urlTemplate":"https:\/\/knoopbv.nl\/de\/?s={search_term_string}"},"query-input":{"@type":"PropertyValueSpecification","valueRequired":true,"valueName":"search_term_string"}}],"inLanguage":"de"},{"@type":"Organization","@id":"https:\/\/knoopbv.nl\/de\/#organization","name":"Knoop BV","url":"https:\/\/knoopbv.nl\/de\/","logo":{"@type":"ImageObject","inLanguage":"de","@id":"https:\/\/knoopbv.nl\/de\/#\/schema\/logo\/image\/","url":"https:\/\/knoopbv.nl\/wp-content\/uploads\/2025\/06\/cropped-knoop-logo-zonder-achtergrond.png","contentUrl":"https:\/\/knoopbv.nl\/wp-content\/uploads\/2025\/06\/cropped-knoop-logo-zonder-achtergrond.png","width":512,"height":512,"caption":"Knoop BV"},"image":{"@id":"https:\/\/knoopbv.nl\/de\/#\/schema\/logo\/image\/"},"sameAs":["https:\/\/www.facebook.com\/knoopBV","https:\/\/www.linkedin.com\/company\/knoop-baggerwerken-bv\/","https:\/\/www.youtube.com\/@knoopbv5280"]}]}},"_links":{"self":[{"href":"https:\/\/knoopbv.nl\/de\/wp-json\/wp\/v2\/pages\/7227","targetHints":{"allow":["GET"]}}],"collection":[{"href":"https:\/\/knoopbv.nl\/de\/wp-json\/wp\/v2\/pages"}],"about":[{"href":"https:\/\/knoopbv.nl\/de\/wp-json\/wp\/v2\/types\/page"}],"author":[{"embeddable":true,"href":"https:\/\/knoopbv.nl\/de\/wp-json\/wp\/v2\/users\/1"}],"replies":[{"embeddable":true,"href":"https:\/\/knoopbv.nl\/de\/wp-json\/wp\/v2\/comments?post=7227"}],"version-history":[{"count":7,"href":"https:\/\/knoopbv.nl\/de\/wp-json\/wp\/v2\/pages\/7227\/revisions"}],"predecessor-version":[{"id":12031,"href":"https:\/\/knoopbv.nl\/de\/wp-json\/wp\/v2\/pages\/7227\/revisions\/12031"}],"wp:attachment":[{"href":"https:\/\/knoopbv.nl\/de\/wp-json\/wp\/v2\/media?parent=7227"}],"curies":[{"name":"wp","href":"https:\/\/api.w.org\/{rel}","templated":true}]}}