{"id":7222,"date":"2024-10-29T12:14:37","date_gmt":"2024-10-29T12:14:37","guid":{"rendered":"https:\/\/knpbv.nl\/co2-leistungsleiter\/"},"modified":"2026-02-17T11:19:17","modified_gmt":"2026-02-17T11:19:17","slug":"co2-leistungsleiter","status":"publish","type":"page","link":"https:\/\/knoopbv.nl\/de\/co2-leistungsleiter\/","title":{"rendered":"CO2-Leistungsleiter"},"content":{"rendered":"\t\t<div data-elementor-type=\"wp-page\" data-elementor-id=\"7222\" class=\"elementor elementor-7222 elementor-146\" data-elementor-post-type=\"page\">\n\t\t\t\t<div class=\"elementor-element elementor-element-48729ad e-flex e-con-boxed e-con e-parent\" data-id=\"48729ad\" data-element_type=\"container\" data-e-type=\"container\" data-settings=\"{&quot;background_background&quot;:&quot;classic&quot;}\">\n\t\t\t\t\t<div class=\"e-con-inner\">\n\t\t<div class=\"elementor-element elementor-element-e8827be e-con-full e-flex e-con e-child\" data-id=\"e8827be\" data-element_type=\"container\" data-e-type=\"container\">\n\t\t\t\t<div class=\"elementor-element elementor-element-cd13ccd elementor-widget elementor-widget-heading\" data-id=\"cd13ccd\" data-element_type=\"widget\" data-e-type=\"widget\" data-widget_type=\"heading.default\">\n\t\t\t\t<div class=\"elementor-widget-container\">\n\t\t\t\t\t<h2 class=\"elementor-heading-title elementor-size-default\">CO2-Leistungsleiter<\/h2>\t\t\t\t<\/div>\n\t\t\t\t<\/div>\n\t\t\t\t<\/div>\n\t\t\t\t\t<\/div>\n\t\t\t\t<\/div>\n\t\t<div class=\"elementor-element elementor-element-6d2386d e-flex e-con-boxed e-con e-parent\" data-id=\"6d2386d\" data-element_type=\"container\" data-e-type=\"container\">\n\t\t\t\t\t<div class=\"e-con-inner\">\n\t\t<div class=\"elementor-element elementor-element-9e2f41b e-con-full e-flex e-con e-child\" data-id=\"9e2f41b\" data-element_type=\"container\" data-e-type=\"container\">\n\t\t<div class=\"elementor-element elementor-element-be6d003 e-con-full e-flex e-con e-child\" data-id=\"be6d003\" data-element_type=\"container\" data-e-type=\"container\" data-settings=\"{&quot;background_background&quot;:&quot;classic&quot;}\">\n\t\t\t\t<div class=\"elementor-element elementor-element-43085d8 elementor-widget elementor-widget-heading\" data-id=\"43085d8\" data-element_type=\"widget\" data-e-type=\"widget\" data-widget_type=\"heading.default\">\n\t\t\t\t<div class=\"elementor-widget-container\">\n\t\t\t\t\t<h1 class=\"elementor-heading-title elementor-size-default\">Die CO2-Leitingsleiter<\/h1>\t\t\t\t<\/div>\n\t\t\t\t<\/div>\n\t\t\t\t<\/div>\n\t\t\t\t<div class=\"elementor-element elementor-element-3c1ff75 elementor-widget elementor-widget-text-editor\" data-id=\"3c1ff75\" data-element_type=\"widget\" data-e-type=\"widget\" data-widget_type=\"text-editor.default\">\n\t\t\t\t<div class=\"elementor-widget-container\">\n\t\t\t\t\t\t\t\t\t<p style=\"font-weight: 400;\">Eine Leistung, auf die wir stolz sind, deren Verbesserungspotenzial uns jedoch bewusst ist. Wir arbeiten aktiv daran, einen guten Platz auf der CO2-Leistungsleiter zu ergattern, n\u00e4mlich <strong>Stufe 3<\/strong>. Allerdings ist es unser Ziel, auf der CO2-Leistungsleiter noch weiter nach oben zu klettern.   <\/p>\t\t\t\t\t\t\t\t<\/div>\n\t\t\t\t<\/div>\n\t\t\t\t<div class=\"elementor-element elementor-element-3f31401 elementor-widget elementor-widget-heading\" data-id=\"3f31401\" data-element_type=\"widget\" data-e-type=\"widget\" data-widget_type=\"heading.default\">\n\t\t\t\t<div class=\"elementor-widget-container\">\n\t\t\t\t\t<h2 class=\"elementor-heading-title elementor-size-default\">Was beinhaltet die CO2-Leistungsleiter?<\/h2>\t\t\t\t<\/div>\n\t\t\t\t<\/div>\n\t\t\t\t<div class=\"elementor-element elementor-element-191dc4b elementor-widget elementor-widget-text-editor\" data-id=\"191dc4b\" data-element_type=\"widget\" data-e-type=\"widget\" data-widget_type=\"text-editor.default\">\n\t\t\t\t<div class=\"elementor-widget-container\">\n\t\t\t\t\t\t\t\t\t<p>Die CO2-Leistungsleiter wird in den Niederlanden als Nachhaltigkeitsinstrument eingesetzt, das Unternehmen unter anderem bei der Reduzierung ihrer CO2-Emissionen unterst\u00fctzt. Diese Leiter ist in f\u00fcnf Stufen unterteilt. Bis einschlie\u00dflich Stufe 3 befasst sich das Unternehmen mit den Emissionen seines eigenen Betriebs und seiner eigenen Projekte. Die Stufen 4 und 5 sorgen daf\u00fcr, dass auch die CO2-Emissionen<strong> in der gesamten Lieferkette und Branche<\/strong> in Angriff genommen werden.   <\/p><p>Anhand der folgenden Anforderungen l\u00e4sst sich das Unternehmen der entsprechenden Stufe zuordnen:<\/p><ul><li><strong>Einblick.<\/strong><ul><li>Bestimmung der Energiefl\u00fcsse und des CO2-Fu\u00dfabdrucks;<\/li><\/ul><\/li><li><strong>Reduktion.<\/strong><ul><li>Entwicklung ehrgeiziger Ziele f\u00fcr die CO2-Reduktion;<\/li><\/ul><\/li><li><strong>Transparanz. <\/strong><ul><li>Strukturelle Kommunikation hinsichtlich der CO2-Politik;<\/li><\/ul><\/li><li><strong>Teilnahme.<\/strong><ul><li>Beteiligung an Brancheninitiativen im Bereich CO2-Reduktion.<\/li><\/ul><\/li><\/ul>\t\t\t\t\t\t\t\t<\/div>\n\t\t\t\t<\/div>\n\t\t<div class=\"elementor-element elementor-element-1106108 e-con-full elementor-hidden-desktop elementor-hidden-tablet elementor-hidden-mobile e-flex e-con e-child\" data-id=\"1106108\" data-element_type=\"container\" data-e-type=\"container\">\n\t\t\t\t<div class=\"elementor-element elementor-element-9bcb948 elementor-widget elementor-widget-heading\" data-id=\"9bcb948\" data-element_type=\"widget\" data-e-type=\"widget\" data-widget_type=\"heading.default\">\n\t\t\t\t<div class=\"elementor-widget-container\">\n\t\t\t\t\t<h2 class=\"elementor-heading-title elementor-size-default\">Unser Hauptziel<\/h2>\t\t\t\t<\/div>\n\t\t\t\t<\/div>\n\t\t\t\t<div class=\"elementor-element elementor-element-e34c361 elementor-widget elementor-widget-text-editor\" data-id=\"e34c361\" data-element_type=\"widget\" data-e-type=\"widget\" data-widget_type=\"text-editor.default\">\n\t\t\t\t<div class=\"elementor-widget-container\">\n\t\t\t\t\t\t\t\t\t<p style=\"text-align: center;\"><strong><em>2025 wollen wir unsere CO2-Emissionen gegen\u00fcber 2022 um 12 % reduzieren.<\/em><\/strong><\/p><p>Zu diesem Zweck wurde ein Aktionsplan erstellt, den wir so weit wie m\u00f6glich einhalten, um dieses Ziel zu erreichen. Zu den Ma\u00dfnahmen des Aktionsplans geh\u00f6ren beispielsweise die Installation weiterer Solarmodule auf unserem Dach und der Kauf von Elektro-Firmenwagen. Wie das genau aussieht, verraten wir Ihnen <span style=\"text-decoration: underline;\"><span style=\"color: #000000;\"><a style=\"color: #000000; text-decoration: underline;\" href=\"https:\/\/knoopbv.nl\/de\/umweltbewusstes-sicheres-arbeiten\/\">hier<\/a><\/span><\/span>.   <\/p><p>Wir sind begierig darauf, unsere <span style=\"text-decoration: underline;\"><span style=\"color: #000000; text-decoration: underline;\"><a style=\"color: #000000; text-decoration: underline;\" href=\"https:\/\/knoopbv.nl\/de\/mission-vision\/\" target=\"_blank\" rel=\"noopener\">Vision<\/a><\/span><\/span> eines Tages in die Tat umzusetzen. Und das beginnt mit einem Plan und dessen Umsetzung. Dabei ermutigen wir unsere Mitarbeiter und andere dazu, an der Verwirklichung der Vision mitzuwirken.   <\/p><p>Ob wir unser Hauptziel erreicht haben, werden wir bei unserem n\u00e4chsten Audit erfahren. Dann werden wir die Neuigkeiten gerne mitteilen und unser Ziel erneut anpassen. Das n\u00e4chste Ziel wird ehrgeizig sein, aber definitiv erreichbar.   <\/p>\t\t\t\t\t\t\t\t<\/div>\n\t\t\t\t<\/div>\n\t\t\t\t<\/div>\n\t\t\t\t<\/div>\n\t\t\t\t\t<\/div>\n\t\t\t\t<\/div>\n\t\t\t\t<\/div>\n\t\t","protected":false},"excerpt":{"rendered":"<p>CO2-Leistungsleiter Die CO2-Leitingsleiter Eine Leistung, auf die wir stolz sind, deren Verbesserungspotenzial uns jedoch bewusst ist. Wir arbeiten aktiv daran, einen guten Platz auf der CO2-Leistungsleiter zu ergattern, n\u00e4mlich Stufe 3. Allerdings ist es unser Ziel, auf der CO2-Leistungsleiter noch weiter nach oben zu klettern. Was beinhaltet die CO2-Leistungsleiter? Die CO2-Leistungsleiter wird in den Niederlanden [&hellip;]<\/p>\n","protected":false},"author":1,"featured_media":0,"parent":0,"menu_order":0,"comment_status":"closed","ping_status":"closed","template":"elementor_header_footer","meta":{"footnotes":""},"class_list":["post-7222","page","type-page","status-publish","hentry"],"yoast_head":"<!-- This site is optimized with the Yoast SEO Premium plugin v25.4 (Yoast SEO v25.4) - https:\/\/yoast.com\/wordpress\/plugins\/seo\/ -->\n<title>CO2-Leistungsleiter: Schritt zur Nachhaltigkeit | Knoop BV<\/title>\n<meta name=\"description\" content=\"Nachhaltigkeit mit der CO2-Leistungsleiter: Unser Weg zu Stufe 3, die Wirkung auf die gesamte Kette und unser Engagement f\u00fcr mehr Klimaschutz.\" \/>\n<meta name=\"robots\" content=\"index, follow, max-snippet:-1, max-image-preview:large, max-video-preview:-1\" \/>\n<link rel=\"canonical\" href=\"https:\/\/knoopbv.nl\/de\/co2-leistungsleiter\/\" \/>\n<meta property=\"og:locale\" content=\"de_DE\" \/>\n<meta property=\"og:type\" content=\"article\" \/>\n<meta property=\"og:title\" content=\"CO2-Leistungsleiter\" \/>\n<meta property=\"og:description\" content=\"Nachhaltigkeit mit der CO2-Leistungsleiter: Unser Weg zu Stufe 3, die Wirkung auf die gesamte Kette und unser Engagement f\u00fcr mehr Klimaschutz.\" \/>\n<meta property=\"og:url\" content=\"https:\/\/knoopbv.nl\/de\/co2-leistungsleiter\/\" \/>\n<meta property=\"og:site_name\" content=\"KnoopBV\" \/>\n<meta property=\"article:publisher\" content=\"https:\/\/www.facebook.com\/knoopBV\" \/>\n<meta property=\"article:modified_time\" content=\"2026-02-17T11:19:17+00:00\" \/>\n<meta name=\"twitter:card\" content=\"summary_large_image\" \/>\n<meta name=\"twitter:label1\" content=\"Gesch\u00e4tzte Lesezeit\" \/>\n\t<meta name=\"twitter:data1\" content=\"2\u00a0Minuten\" \/>\n<script type=\"application\/ld+json\" class=\"yoast-schema-graph\">{\"@context\":\"https:\/\/schema.org\",\"@graph\":[{\"@type\":\"WebPage\",\"@id\":\"https:\/\/knoopbv.nl\/de\/co2-leistungsleiter\/\",\"url\":\"https:\/\/knoopbv.nl\/de\/co2-leistungsleiter\/\",\"name\":\"CO2-Leistungsleiter: Schritt zur Nachhaltigkeit | Knoop BV\",\"isPartOf\":{\"@id\":\"https:\/\/knoopbv.nl\/de\/#website\"},\"datePublished\":\"2024-10-29T12:14:37+00:00\",\"dateModified\":\"2026-02-17T11:19:17+00:00\",\"description\":\"Nachhaltigkeit mit der CO2-Leistungsleiter: Unser Weg zu Stufe 3, die Wirkung auf die gesamte Kette und unser Engagement f\u00fcr mehr Klimaschutz.\",\"breadcrumb\":{\"@id\":\"https:\/\/knoopbv.nl\/de\/co2-leistungsleiter\/#breadcrumb\"},\"inLanguage\":\"de\",\"potentialAction\":[{\"@type\":\"ReadAction\",\"target\":[\"https:\/\/knoopbv.nl\/de\/co2-leistungsleiter\/\"]}]},{\"@type\":\"BreadcrumbList\",\"@id\":\"https:\/\/knoopbv.nl\/de\/co2-leistungsleiter\/#breadcrumb\",\"itemListElement\":[{\"@type\":\"ListItem\",\"position\":1,\"name\":\"Home\",\"item\":\"https:\/\/knoopbv.nl\/de\/\"},{\"@type\":\"ListItem\",\"position\":2,\"name\":\"CO2-Leistungsleiter\"}]},{\"@type\":\"WebSite\",\"@id\":\"https:\/\/knoopbv.nl\/de\/#website\",\"url\":\"https:\/\/knoopbv.nl\/de\/\",\"name\":\"Knoop BV\",\"description\":\"Ingenious for you\",\"publisher\":{\"@id\":\"https:\/\/knoopbv.nl\/de\/#organization\"},\"potentialAction\":[{\"@type\":\"SearchAction\",\"target\":{\"@type\":\"EntryPoint\",\"urlTemplate\":\"https:\/\/knoopbv.nl\/de\/?s={search_term_string}\"},\"query-input\":{\"@type\":\"PropertyValueSpecification\",\"valueRequired\":true,\"valueName\":\"search_term_string\"}}],\"inLanguage\":\"de\"},{\"@type\":\"Organization\",\"@id\":\"https:\/\/knoopbv.nl\/de\/#organization\",\"name\":\"Knoop BV\",\"url\":\"https:\/\/knoopbv.nl\/de\/\",\"logo\":{\"@type\":\"ImageObject\",\"inLanguage\":\"de\",\"@id\":\"https:\/\/knoopbv.nl\/de\/#\/schema\/logo\/image\/\",\"url\":\"https:\/\/knoopbv.nl\/wp-content\/uploads\/2025\/06\/cropped-knoop-logo-zonder-achtergrond.png\",\"contentUrl\":\"https:\/\/knoopbv.nl\/wp-content\/uploads\/2025\/06\/cropped-knoop-logo-zonder-achtergrond.png\",\"width\":512,\"height\":512,\"caption\":\"Knoop BV\"},\"image\":{\"@id\":\"https:\/\/knoopbv.nl\/de\/#\/schema\/logo\/image\/\"},\"sameAs\":[\"https:\/\/www.facebook.com\/knoopBV\",\"https:\/\/www.linkedin.com\/company\/knoop-baggerwerken-bv\/\",\"https:\/\/www.youtube.com\/@knoopbv5280\"]}]}<\/script>\n<!-- \/ Yoast SEO Premium plugin. -->","yoast_head_json":{"title":"CO2-Leistungsleiter: Schritt zur Nachhaltigkeit | Knoop BV","description":"Nachhaltigkeit mit der CO2-Leistungsleiter: Unser Weg zu Stufe 3, die Wirkung auf die gesamte Kette und unser Engagement f\u00fcr mehr Klimaschutz.","robots":{"index":"index","follow":"follow","max-snippet":"max-snippet:-1","max-image-preview":"max-image-preview:large","max-video-preview":"max-video-preview:-1"},"canonical":"https:\/\/knoopbv.nl\/de\/co2-leistungsleiter\/","og_locale":"de_DE","og_type":"article","og_title":"CO2-Leistungsleiter","og_description":"Nachhaltigkeit mit der CO2-Leistungsleiter: Unser Weg zu Stufe 3, die Wirkung auf die gesamte Kette und unser Engagement f\u00fcr mehr Klimaschutz.","og_url":"https:\/\/knoopbv.nl\/de\/co2-leistungsleiter\/","og_site_name":"KnoopBV","article_publisher":"https:\/\/www.facebook.com\/knoopBV","article_modified_time":"2026-02-17T11:19:17+00:00","twitter_card":"summary_large_image","twitter_misc":{"Gesch\u00e4tzte Lesezeit":"2\u00a0Minuten"},"schema":{"@context":"https:\/\/schema.org","@graph":[{"@type":"WebPage","@id":"https:\/\/knoopbv.nl\/de\/co2-leistungsleiter\/","url":"https:\/\/knoopbv.nl\/de\/co2-leistungsleiter\/","name":"CO2-Leistungsleiter: Schritt zur Nachhaltigkeit | Knoop BV","isPartOf":{"@id":"https:\/\/knoopbv.nl\/de\/#website"},"datePublished":"2024-10-29T12:14:37+00:00","dateModified":"2026-02-17T11:19:17+00:00","description":"Nachhaltigkeit mit der CO2-Leistungsleiter: Unser Weg zu Stufe 3, die Wirkung auf die gesamte Kette und unser Engagement f\u00fcr mehr Klimaschutz.","breadcrumb":{"@id":"https:\/\/knoopbv.nl\/de\/co2-leistungsleiter\/#breadcrumb"},"inLanguage":"de","potentialAction":[{"@type":"ReadAction","target":["https:\/\/knoopbv.nl\/de\/co2-leistungsleiter\/"]}]},{"@type":"BreadcrumbList","@id":"https:\/\/knoopbv.nl\/de\/co2-leistungsleiter\/#breadcrumb","itemListElement":[{"@type":"ListItem","position":1,"name":"Home","item":"https:\/\/knoopbv.nl\/de\/"},{"@type":"ListItem","position":2,"name":"CO2-Leistungsleiter"}]},{"@type":"WebSite","@id":"https:\/\/knoopbv.nl\/de\/#website","url":"https:\/\/knoopbv.nl\/de\/","name":"Knoop BV","description":"Ingenious for you","publisher":{"@id":"https:\/\/knoopbv.nl\/de\/#organization"},"potentialAction":[{"@type":"SearchAction","target":{"@type":"EntryPoint","urlTemplate":"https:\/\/knoopbv.nl\/de\/?s={search_term_string}"},"query-input":{"@type":"PropertyValueSpecification","valueRequired":true,"valueName":"search_term_string"}}],"inLanguage":"de"},{"@type":"Organization","@id":"https:\/\/knoopbv.nl\/de\/#organization","name":"Knoop BV","url":"https:\/\/knoopbv.nl\/de\/","logo":{"@type":"ImageObject","inLanguage":"de","@id":"https:\/\/knoopbv.nl\/de\/#\/schema\/logo\/image\/","url":"https:\/\/knoopbv.nl\/wp-content\/uploads\/2025\/06\/cropped-knoop-logo-zonder-achtergrond.png","contentUrl":"https:\/\/knoopbv.nl\/wp-content\/uploads\/2025\/06\/cropped-knoop-logo-zonder-achtergrond.png","width":512,"height":512,"caption":"Knoop BV"},"image":{"@id":"https:\/\/knoopbv.nl\/de\/#\/schema\/logo\/image\/"},"sameAs":["https:\/\/www.facebook.com\/knoopBV","https:\/\/www.linkedin.com\/company\/knoop-baggerwerken-bv\/","https:\/\/www.youtube.com\/@knoopbv5280"]}]}},"_links":{"self":[{"href":"https:\/\/knoopbv.nl\/de\/wp-json\/wp\/v2\/pages\/7222","targetHints":{"allow":["GET"]}}],"collection":[{"href":"https:\/\/knoopbv.nl\/de\/wp-json\/wp\/v2\/pages"}],"about":[{"href":"https:\/\/knoopbv.nl\/de\/wp-json\/wp\/v2\/types\/page"}],"author":[{"embeddable":true,"href":"https:\/\/knoopbv.nl\/de\/wp-json\/wp\/v2\/users\/1"}],"replies":[{"embeddable":true,"href":"https:\/\/knoopbv.nl\/de\/wp-json\/wp\/v2\/comments?post=7222"}],"version-history":[{"count":6,"href":"https:\/\/knoopbv.nl\/de\/wp-json\/wp\/v2\/pages\/7222\/revisions"}],"predecessor-version":[{"id":11280,"href":"https:\/\/knoopbv.nl\/de\/wp-json\/wp\/v2\/pages\/7222\/revisions\/11280"}],"wp:attachment":[{"href":"https:\/\/knoopbv.nl\/de\/wp-json\/wp\/v2\/media?parent=7222"}],"curies":[{"name":"wp","href":"https:\/\/api.w.org\/{rel}","templated":true}]}}